{"id":1211,"date":"2024-06-26T07:09:40","date_gmt":"2024-06-26T06:09:40","guid":{"rendered":"https:\/\/purecorpore.com\/?page_id=1211"},"modified":"2025-11-04T15:47:39","modified_gmt":"2025-11-04T14:47:39","slug":"avis-legal","status":"publish","type":"page","link":"https:\/\/purecorpore.com\/ca\/aviso-legal\/","title":{"rendered":"Av\u00eds legal"},"content":{"rendered":"<div data-elementor-type=\"wp-page\" data-elementor-id=\"1211\" class=\"elementor elementor-1211\" data-elementor-post-type=\"page\">\n\t\t\t\t<div class=\"elementor-element elementor-element-be9f4b9 e-flex e-con-boxed e-con e-parent\" data-id=\"be9f4b9\" data-element_type=\"container\" data-e-type=\"container\" data-settings=\"{&quot;background_background&quot;:&quot;classic&quot;}\">\n\t\t\t\t\t<div class=\"e-con-inner\">\n\t\t\t\t<div class=\"elementor-element elementor-element-8add75c elementor-widget elementor-widget-heading\" data-id=\"8add75c\" data-element_type=\"widget\" data-e-type=\"widget\" data-widget_type=\"heading.default\">\n\t\t\t\t<div class=\"elementor-widget-container\">\n\t\t\t\t\t<h1 class=\"elementor-heading-title elementor-size-default\">Av\u00eds legal - Pure Corpore, Centre d&#039;Entrenament Personal a Castelldefels i Ter\u00e0pies<\/h1>\t\t\t\t<\/div>\n\t\t\t\t<\/div>\n\t\t\t\t\t<\/div>\n\t\t\t\t<\/div>\n\t\t<div class=\"elementor-element elementor-element-e0170b2 e-con-full e-flex e-con e-parent\" data-id=\"e0170b2\" data-element_type=\"container\" data-e-type=\"container\" data-settings=\"{&quot;background_background&quot;:&quot;classic&quot;}\">\n\t\t\t\t<div class=\"elementor-element elementor-element-2775bb0 elementor-widget elementor-widget-image\" data-id=\"2775bb0\" data-element_type=\"widget\" data-e-type=\"widget\" data-widget_type=\"image.default\">\n\t\t\t\t<div class=\"elementor-widget-container\">\n\t\t\t\t\t\t\t\t\t\t\t\t\t\t\t<img fetchpriority=\"high\" decoding=\"async\" width=\"768\" height=\"384\" src=\"https:\/\/purecorpore.com\/wp-content\/uploads\/2025\/11\/Entrenamiento-personal-en-Castelldefels-y-terapias-768x384.webp\" class=\"attachment-medium_large size-medium_large wp-image-1892\" alt=\"Entrenament Personal a Castelldefels i ter\u00e0pies integratives a Pure Corpore amb vistes al mar\" srcset=\"https:\/\/purecorpore.com\/wp-content\/uploads\/2025\/11\/Entrenamiento-personal-en-Castelldefels-y-terapias-768x384.webp 768w, https:\/\/purecorpore.com\/wp-content\/uploads\/2025\/11\/Entrenamiento-personal-en-Castelldefels-y-terapias-300x150.webp 300w, https:\/\/purecorpore.com\/wp-content\/uploads\/2025\/11\/Entrenamiento-personal-en-Castelldefels-y-terapias-1024x512.webp 1024w, https:\/\/purecorpore.com\/wp-content\/uploads\/2025\/11\/Entrenamiento-personal-en-Castelldefels-y-terapias-18x9.webp 18w, https:\/\/purecorpore.com\/wp-content\/uploads\/2025\/11\/Entrenamiento-personal-en-Castelldefels-y-terapias.webp 1200w\" sizes=\"(max-width: 768px) 100vw, 768px\" title=\"\">\t\t\t\t\t\t\t\t\t\t\t\t\t\t\t<\/div>\n\t\t\t\t<\/div>\n\t\t\t\t<div class=\"elementor-element elementor-element-643e59a elementor-widget elementor-widget-text-editor\" data-id=\"643e59a\" data-element_type=\"widget\" data-e-type=\"widget\" data-widget_type=\"text-editor.default\">\n\t\t\t\t<div class=\"elementor-widget-container\">\n\t\t\t\t\t\t\t\t\t<p>A <strong data-start=\"590\" data-end=\"606\">Pure Corpore<\/strong>, centre de <strong data-start=\"608\" data-end=\"663\">Entrenament Personal a Castelldefels i Ter\u00e0pies<\/strong>, cuidem el teu benestar f\u00edsic i tamb\u00e9 la transpar\u00e8ncia amb qu\u00e8 tractem les teves dades i la informaci\u00f3 legal d&#039;aquest lloc web, t<span style=\"font-style: inherit; font-weight: inherit;\">rabajem per oferir un servei integral de <\/span><strong style=\"font-style: inherit;\" data-start=\"1288\" data-end=\"1331\">entrenament personal a Castelldefels<\/strong><span style=\"font-style: inherit; font-weight: inherit;\">, combinant programes personalitzats, tecnologia avan\u00e7ada i ter\u00e0pies complement\u00e0ries. El nostre comprom\u00eds \u00e9s ajudar-te a assolir els teus objectius de salut i benestar amb la m\u00e0xima transpar\u00e8ncia i professionalitat.<\/span><\/p>\n<p><br data-start=\"792\" data-end=\"795\" \/>A continuaci\u00f3, trobareu tots els detalls sobre la titularitat, l&#039;\u00fas, les condicions i la pol\u00edtica de privadesa que apliquen als nostres serveis d&#039;entrenament personal, fisioter\u00e0pia, osteopatia i Indiba.<\/p>\n<p>\u00a0<\/p>\n<p>\u00a0<\/p>\t\t\t\t\t\t\t\t<\/div>\n\t\t\t\t<\/div>\n\t\t<div class=\"elementor-element elementor-element-f509314 e-flex e-con-boxed e-con e-child\" data-id=\"f509314\" data-element_type=\"container\" data-e-type=\"container\">\n\t\t\t\t\t<div class=\"e-con-inner\">\n\t\t\t\t<div class=\"elementor-element elementor-element-ad74ee7 elementor-widget elementor-widget-heading\" data-id=\"ad74ee7\" data-element_type=\"widget\" data-e-type=\"widget\" data-widget_type=\"heading.default\">\n\t\t\t\t<div class=\"elementor-widget-container\">\n\t\t\t\t\t<h2 class=\"elementor-heading-title elementor-size-default\">IDENTITAT DEL TITULAR DEL LLOC WEB<\/h2>\t\t\t\t<\/div>\n\t\t\t\t<\/div>\n\t\t\t\t<div class=\"elementor-element elementor-element-32e025d elementor-widget elementor-widget-text-editor\" data-id=\"32e025d\" data-element_type=\"widget\" data-e-type=\"widget\" data-widget_type=\"text-editor.default\">\n\t\t\t\t<div class=\"elementor-widget-container\">\n\t\t\t\t\t\t\t\t\t<p><strong><b>Nom comercial: <\/b><\/strong>Wellness Castelldefels SL (PURE CORPORE)<\/p>\n<p><strong><b>Denominaci\u00f3 social: <\/b><\/strong>Wellness Castelldefels SL (PURE CORPORE) (des d&#039;ara EL TITULAR DEL WEB)<\/p>\n<p><strong><b>NIF: B10769008<\/b><\/strong><\/p>\n<p><strong><b>Adre\u00e7a: AV\/303 N\u00ba121 Baixos, Castelldefels 08860, Barcelona<\/b><\/strong><\/p>\n<p><strong><b>Tel\u00e8fon:&nbsp;<\/b><\/strong><a href=\"tel:+34613029976\"><u>+34 613 029 976<\/u><\/a><\/p>\n<p><strong><b>eMail:<\/b><\/strong>&nbsp;<a href=\"mailto:infopurecorpore@gmail.com\"><u>infopurecorpore@gmail.com<\/u><\/a><\/p><p><br><\/p>\t\t\t\t\t\t\t\t<\/div>\n\t\t\t\t<\/div>\n\t\t\t\t<div class=\"elementor-element elementor-element-caf3b4b elementor-widget elementor-widget-heading\" data-id=\"caf3b4b\" data-element_type=\"widget\" data-e-type=\"widget\" data-widget_type=\"heading.default\">\n\t\t\t\t<div class=\"elementor-widget-container\">\n\t\t\t\t\t<h2 class=\"elementor-heading-title elementor-size-default\">TERMES LEGALS I CONDICIONS<\/h2>\t\t\t\t<\/div>\n\t\t\t\t<\/div>\n\t\t\t\t<div class=\"elementor-element elementor-element-90b754d elementor-widget elementor-widget-text-editor\" data-id=\"90b754d\" data-element_type=\"widget\" data-e-type=\"widget\" data-widget_type=\"text-editor.default\">\n\t\t\t\t<div class=\"elementor-widget-container\">\n\t\t\t\t\t\t\t\t\t<p>La utilitzaci\u00f3 d&#039;aquest lloc web atribueix al navegant la condici\u00f3 d&#039;usuari del lloc, cosa que implica l&#039;adhesi\u00f3 a aquestes condicions a la versi\u00f3 publicada en el moment en qu\u00e8 es permeti l&#039;entrada. Per aix\u00f2, EL TITULAR DE LA WEB recomana a l&#039;usuari llegir-les atentament cada vegada que accedeixi al lloc web. L&#039;acc\u00e9s a determinats continguts oferts a trav\u00e9s d&#039;aquest lloc web es pot trobar sotm\u00e8s a certes condicions particulars pr\u00f2pies que, segons els casos, substitueixen, completen i\/o modifiquen aquestes condicions generals. Per tant, amb anterioritat a l&#039;acc\u00e9s i\/o utilitzaci\u00f3 d&#039;aquests continguts, l&#039;usuari ha de llegir atentament tamb\u00e9 les condicions particulars corresponents. EL TITULAR DEL WEB podr\u00e0 alterar en qualsevol moment i sense previ av\u00eds, el disseny, presentaci\u00f3 i\/o configuraci\u00f3 del lloc web, aix\u00ed com alguns o tots els continguts, i modificar les condicions generals i\/o condicions particulars requerides per utilitzar-los .<\/p>\n<p>\u00a0<\/p>\n<p>Aquest lloc web est\u00e0 dissenyat per garantir una experi\u00e8ncia segura i fiable a tots els usuaris interessats en els nostres serveis de <strong data-start=\"1887\" data-end=\"1941\">entrenament personal a Castelldefels i ter\u00e0pies<\/strong>, promovent la claredat i el compliment legal a cada interacci\u00f3.<\/p>\n<p>\u00a0<\/p>\n<p>\u00a0<\/p>\t\t\t\t\t\t\t\t<\/div>\n\t\t\t\t<\/div>\n\t\t\t\t<div class=\"elementor-element elementor-element-a3af796 elementor-widget elementor-widget-heading\" data-id=\"a3af796\" data-element_type=\"widget\" data-e-type=\"widget\" data-widget_type=\"heading.default\">\n\t\t\t\t<div class=\"elementor-widget-container\">\n\t\t\t\t\t<h2 class=\"elementor-heading-title elementor-size-default\">RESPONSABILITAT I GARANTIA DEL TITULAR DEL WEB<\/h2>\t\t\t\t<\/div>\n\t\t\t\t<\/div>\n\t\t\t\t<div class=\"elementor-element elementor-element-350ad9c elementor-widget elementor-widget-heading\" data-id=\"350ad9c\" data-element_type=\"widget\" data-e-type=\"widget\" data-widget_type=\"heading.default\">\n\t\t\t\t<div class=\"elementor-widget-container\">\n\t\t\t\t\t<h2 class=\"elementor-heading-title elementor-size-default\">ACC\u00c9S<\/h2>\t\t\t\t<\/div>\n\t\t\t\t<\/div>\n\t\t\t\t<div class=\"elementor-element elementor-element-2bf4631 elementor-widget elementor-widget-text-editor\" data-id=\"2bf4631\" data-element_type=\"widget\" data-e-type=\"widget\" data-widget_type=\"text-editor.default\">\n\t\t\t\t<div class=\"elementor-widget-container\">\n\t\t\t\t\t\t\t\t\t<p>Amb car\u00e0cter general, els usuaris podran accedir al lloc web de forma lliure i gratu\u00efta. Tot i aix\u00f2 EL TITULAR DEL WEB es reserva d&#039;acord amb la legislaci\u00f3 vigent el dret de limitar l&#039;acc\u00e9s a determinades \u00e0rees del lloc web. En aquests casos, com a requisit previ per poder accedir al servei, l&#039;Usuari haur\u00e0 de registrar-se facilitant tota la informaci\u00f3 sol\u00b7licitada, de manera actualitzada i real (veure pol\u00edtica de privadesa). L&#039;\u00fas de la contrasenya \u00e9s personal i intransferible, i no est\u00e0 permesa la cessi\u00f3, ni tan sols temporal, a tercers. En aquest sentit, l&#039;Usuari es compromet a fer-ne un \u00e9s diligent ia mantenir-ne en secret, assumint tota responsabilitat per les conseq\u00fc\u00e8ncies de la seva divulgaci\u00f3 a tercers.<\/p><p>\u00a0<\/p>\t\t\t\t\t\t\t\t<\/div>\n\t\t\t\t<\/div>\n\t\t\t\t<div class=\"elementor-element elementor-element-d227988 elementor-widget elementor-widget-heading\" data-id=\"d227988\" data-element_type=\"widget\" data-e-type=\"widget\" data-widget_type=\"heading.default\">\n\t\t\t\t<div class=\"elementor-widget-container\">\n\t\t\t\t\t<h2 class=\"elementor-heading-title elementor-size-default\">CONTINGUTS<\/h2>\t\t\t\t<\/div>\n\t\t\t\t<\/div>\n\t\t\t\t<div class=\"elementor-element elementor-element-82b4b79 elementor-widget elementor-widget-text-editor\" data-id=\"82b4b79\" data-element_type=\"widget\" data-e-type=\"widget\" data-widget_type=\"text-editor.default\">\n\t\t\t\t<div class=\"elementor-widget-container\">\n\t\t\t\t\t\t\t\t\t<p>EL TITULAR DE LA WEB es reserva el dret a interrompre l&#039;acc\u00e9s al seu lloc web, aix\u00ed com la prestaci\u00f3 de qualsevol o de tots els continguts que es presten a trav\u00e9s del mateix en qualsevol moment i sense av\u00eds previ, ja sigui per motius t\u00e8cnics, de seguretat, de control, de manteniment, per fallades de subministrament el\u00e8ctric o per qualsevol altra causa. Aquesta interrupci\u00f3 podr\u00e0 tenir car\u00e0cter temporal o definitiu, cas en qu\u00e8 es comunicar\u00e0 aquesta circumst\u00e0ncia als Usuaris, els quals podran patir la p\u00e8rdua, si escau, de la informaci\u00f3 emmagatzemada en els diferents serveis. En conseq\u00fc\u00e8ncia, EL TITULAR DEL WEB no garanteix la fiabilitat, la disponibilitat ni la continu\u00eftat del seu lloc web ni dels continguts, tant els propis com els d&#039;altres llocs web als quals es pugui accedir mitjan\u00e7ant enlla\u00e7os, de manera que la utilitzaci\u00f3 dels mateixos per part de l&#039;Usuari es duu a terme pel seu compte i risc propi, sense que, en cap moment, puguin exigir responsabilitats a EL TITULAR DE LA WEB en aquest sentit. EL TITULAR DEL WEB no ser\u00e0 responsable de qualsevol tipus de perjudici, p\u00e8rdues, reclamacions o despeses de cap tipus, de la informaci\u00f3 adquirida o accedida per oa trav\u00e9s del lloc web, de virus inform\u00e0tics, de fallades operatives o d&#039;interrupcions en el servei o transmissi\u00f3 , o errors a la l\u00ednia. Queda prohibit transmetre o enviar a trav\u00e9s del lloc web qualsevol contingut il\u00b7legal o il\u00b7l\u00edcit, virus inform\u00e0tics, o missatges que, en general, afectin o violin drets d&#039;EL TITULAR DE LA WEB o de tercers.<\/p><p><br><\/p>\t\t\t\t\t\t\t\t<\/div>\n\t\t\t\t<\/div>\n\t\t\t\t<div class=\"elementor-element elementor-element-1d8d6a9 elementor-widget elementor-widget-heading\" data-id=\"1d8d6a9\" data-element_type=\"widget\" data-e-type=\"widget\" data-widget_type=\"heading.default\">\n\t\t\t\t<div class=\"elementor-widget-container\">\n\t\t\t\t\t<h2 class=\"elementor-heading-title elementor-size-default\">PROPIETAT INDUSTRIAL I INTEL\u00b7LECTUAL<\/h2>\t\t\t\t<\/div>\n\t\t\t\t<\/div>\n\t\t\t\t<div class=\"elementor-element elementor-element-7d4bb75 elementor-widget elementor-widget-text-editor\" data-id=\"7d4bb75\" data-element_type=\"widget\" data-e-type=\"widget\" data-widget_type=\"text-editor.default\">\n\t\t\t\t<div class=\"elementor-widget-container\">\n\t\t\t\t\t\t\t\t\t<p>Aquesta web \u00e9s propietat de EL TITULAR DE LA WEB. Els drets de propietat intel\u00b7lectual i drets d&#039;explotaci\u00f3 i reproducci\u00f3 d&#039;aquesta web, de les seves p\u00e0gines, pantalles, la informaci\u00f3 que contenen, la seva aparen\u00e7a i disseny, aix\u00ed com els vincles que s&#039;estableixin des d&#039;ella a altres p\u00e0gines, en s\u00f3n propietat exclusiva, llevat que s&#039;especifiqui una altra cosa. Totes les denominacions, dissenys i\/o logotips que componen aquesta p\u00e0gina s\u00f3n marques degudament enregistrades. Qualsevol \u00e9s indegut per persona diferent del seu leg\u00f2tim titular podr\u00e0 ser perseguit de conformitat amb la legislaci\u00f3 vigent. Els drets de propietat intel\u00b7lectual i marques de tercers estan destacats convenientment i han de ser respectats per tothom que accedeixi a la web. Nom\u00e9s per a \u00fas personal i privat es permet descarregar els continguts, copiar o imprimir qualsevol p\u00e0gina web. Queda prohibit reproduir, transmetre, modificar o suprimir la informaci\u00f3, contingut o advertiments d&#039;aquest web sense la pr\u00e8via autoritzaci\u00f3 escrita d&#039;EL TITULAR DE LA WEB.<\/p><p><br><\/p>\t\t\t\t\t\t\t\t<\/div>\n\t\t\t\t<\/div>\n\t\t\t\t<div class=\"elementor-element elementor-element-530914e elementor-widget elementor-widget-heading\" data-id=\"530914e\" data-element_type=\"widget\" data-e-type=\"widget\" data-widget_type=\"heading.default\">\n\t\t\t\t<div class=\"elementor-widget-container\">\n\t\t\t\t\t<h2 class=\"elementor-heading-title elementor-size-default\">LEGISLACI\u00d3 APLICABLE<\/h2>\t\t\t\t<\/div>\n\t\t\t\t<\/div>\n\t\t\t\t<div class=\"elementor-element elementor-element-15d0cbb elementor-widget elementor-widget-text-editor\" data-id=\"15d0cbb\" data-element_type=\"widget\" data-e-type=\"widget\" data-widget_type=\"text-editor.default\">\n\t\t\t\t<div class=\"elementor-widget-container\">\n\t\t\t\t\t\t\t\t\t<p>Aquestes condicions generals es regeixen per la legislaci\u00f3 espanyola.<\/p><p><br><\/p>\t\t\t\t\t\t\t\t<\/div>\n\t\t\t\t<\/div>\n\t\t\t\t<div class=\"elementor-element elementor-element-e356119 elementor-widget elementor-widget-heading\" data-id=\"e356119\" data-element_type=\"widget\" data-e-type=\"widget\" data-widget_type=\"heading.default\">\n\t\t\t\t<div class=\"elementor-widget-container\">\n\t\t\t\t\t<h2 class=\"elementor-heading-title elementor-size-default\">POL\u00cdTICA DE PRIVACITAT<\/h2>\t\t\t\t<\/div>\n\t\t\t\t<\/div>\n\t\t\t\t<div class=\"elementor-element elementor-element-70da853 elementor-widget elementor-widget-text-editor\" data-id=\"70da853\" data-element_type=\"widget\" data-e-type=\"widget\" data-widget_type=\"text-editor.default\">\n\t\t\t\t<div class=\"elementor-widget-container\">\n\t\t\t\t\t\t\t\t\t<p>A efectes del que disposa la normativa vigent relativa a la protecci\u00f3 de dades de car\u00e0cter personal, EL TITULAR DEL WEB informa que les dades personals que ens pogu\u00e9s facilitar durant la navegaci\u00f3 pel nostre lloc web seran incorporades a un tractament de dades de responsabilitat de EL TITULAR DE LA WEB, per tal de poder gestionar la seva petici\u00f3. Nom\u00e9s en cas que l&#039;usuari hagi donat el seu consentiment expr\u00e9s, EL TITULAR DE LA WEB us enviar\u00e0 informaci\u00f3; t\u00e8cnica, operativa i comercial, per qualsevol mitj\u00e0, incl\u00f2s el correu electr\u00f2nic i\/o mitj\u00e0 equivalent, sobre productes, serveis, ofertes i novetats que considerem dinter\u00e8s per lusuari. EL TITULAR DEL WEB es compromet al compliment de la seva obligaci\u00f3 de secret de les dades de car\u00e0cter personal i del seu deure de guardar i adoptar\u00e0 les mesures necess\u00e0ries per evitar la seva alteraci\u00f3, p\u00e8rdua, tractament o acc\u00e9s no autoritzat, tenint en compte en tot moment l&#039;estat de la tecnologia, complint les mesures de seguretat t\u00e8cniques i organitzatives. Finalment, us informem sobre la possibilitat d&#039;exercitar els drets d&#039;acc\u00e9s, rectificaci\u00f3, cancel\u00b7laci\u00f3 i oposici\u00f3 mitjan\u00e7ant formulari dirigit a l&#039;administrador del sistema.<\/p><p><br><\/p>\n<p>Pure Corpore aplica aquestes pol\u00edtiques amb el mateix nivell de rigor que als nostres programes de <strong data-start=\"2336\" data-end=\"2379\">entrenament personal a Castelldefels<\/strong>, on la confian\u00e7a, la confidencialitat i el benestar del client s\u00f3n la nostra prioritat.<\/p><p><br><\/p>\n<p><\/p>\t\t\t\t\t\t\t\t<\/div>\n\t\t\t\t<\/div>\n\t\t\t\t<div class=\"elementor-element elementor-element-84c3051 elementor-widget elementor-widget-heading\" data-id=\"84c3051\" data-element_type=\"widget\" data-e-type=\"widget\" data-widget_type=\"heading.default\">\n\t\t\t\t<div class=\"elementor-widget-container\">\n\t\t\t\t\t<h2 class=\"elementor-heading-title elementor-size-default\">Enlla\u00e7os i recursos externs<\/h2>\t\t\t\t<\/div>\n\t\t\t\t<\/div>\n\t\t\t\t<div class=\"elementor-element elementor-element-937c40a elementor-widget elementor-widget-text-editor\" data-id=\"937c40a\" data-element_type=\"widget\" data-e-type=\"widget\" data-widget_type=\"text-editor.default\">\n\t\t\t\t<div class=\"elementor-widget-container\">\n\t\t\t\t\t\t\t\t\t<p>Aquest lloc pot incloure enlla\u00e7os a p\u00e0gines de tercers relacionades amb l&#039;\u00e0mbit del <strong data-start=\"5613\" data-end=\"5662\">entrenament personal, la fisioter\u00e0pia o el benestar<\/strong>, que s&#039;ofereixen \u00fanicament amb car\u00e0cter informatiu.<br data-start=\"5715\" data-end=\"5718\" \/>Pure Corpore no es responsabilitza del contingut ni de les pol\u00edtiques de privadesa d&#039;aquests llocs.<\/p><p>\u00a0<\/p>\t\t\t\t\t\t\t\t<\/div>\n\t\t\t\t<\/div>\n\t\t\t\t<div class=\"elementor-element elementor-element-60fb047 elementor-widget elementor-widget-heading\" data-id=\"60fb047\" data-element_type=\"widget\" data-e-type=\"widget\" data-widget_type=\"heading.default\">\n\t\t\t\t<div class=\"elementor-widget-container\">\n\t\t\t\t\t<h2 class=\"elementor-heading-title elementor-size-default\">Enlla\u00e7at intern i transpar\u00e8ncia<\/h2>\t\t\t\t<\/div>\n\t\t\t\t<\/div>\n\t\t\t\t<div class=\"elementor-element elementor-element-34f9c5f elementor-widget elementor-widget-text-editor\" data-id=\"34f9c5f\" data-element_type=\"widget\" data-e-type=\"widget\" data-widget_type=\"text-editor.default\">\n\t\t\t\t<div class=\"elementor-widget-container\">\n\t\t\t\t\t\t\t\t\t<p>Si vols con\u00e8ixer m\u00e9s sobre els nostres serveis de <strong data-start=\"5944\" data-end=\"5987\">entrenament personal a Castelldefels<\/strong>, et convidem a visitar les nostres seccions de <a href=\"https:\/\/purecorpore.com\/ca\/serveis-i-tractaments-a-castelldefels\/g\/\">Serveis<\/a> i <a href=\"https:\/\/purecorpore.com\/ca\/contacte\/\">Contacte<\/a>.<\/p>\t\t\t\t\t\t\t\t<\/div>\n\t\t\t\t<\/div>\n\t\t\t\t<div class=\"elementor-element elementor-element-fbd8409 elementor-widget elementor-widget-image\" data-id=\"fbd8409\" data-element_type=\"widget\" data-e-type=\"widget\" data-widget_type=\"image.default\">\n\t\t\t\t<div class=\"elementor-widget-container\">\n\t\t\t\t\t\t\t\t\t\t\t\t\t\t\t<img decoding=\"async\" width=\"768\" height=\"384\" src=\"https:\/\/purecorpore.com\/wp-content\/uploads\/2025\/11\/entrenamiento-personal-en-castelldefels-y-terapias-banner-contacto-768x384.webp\" class=\"attachment-medium_large size-medium_large wp-image-1900\" alt=\"Entrenament Personal a Castelldefels i ter\u00e0pies integratives a Pure Corpore amb vistes al mar\" srcset=\"https:\/\/purecorpore.com\/wp-content\/uploads\/2025\/11\/entrenamiento-personal-en-castelldefels-y-terapias-banner-contacto-768x384.webp 768w, https:\/\/purecorpore.com\/wp-content\/uploads\/2025\/11\/entrenamiento-personal-en-castelldefels-y-terapias-banner-contacto-300x150.webp 300w, https:\/\/purecorpore.com\/wp-content\/uploads\/2025\/11\/entrenamiento-personal-en-castelldefels-y-terapias-banner-contacto-1024x512.webp 1024w, https:\/\/purecorpore.com\/wp-content\/uploads\/2025\/11\/entrenamiento-personal-en-castelldefels-y-terapias-banner-contacto-18x9.webp 18w, https:\/\/purecorpore.com\/wp-content\/uploads\/2025\/11\/entrenamiento-personal-en-castelldefels-y-terapias-banner-contacto.webp 1200w\" sizes=\"(max-width: 768px) 100vw, 768px\" title=\"\">\t\t\t\t\t\t\t\t\t\t\t\t\t\t\t<\/div>\n\t\t\t\t<\/div>\n\t\t\t\t\t<\/div>\n\t\t\t\t<\/div>\n\t\t\t\t<\/div>\n\t\t\t\t<\/div>","protected":false},"excerpt":{"rendered":"<p>Aviso legal \u2013 Pure Corpore, Centro de Entrenamiento Personal en Castelldefels y Terapias En Pure Corpore, centro de Entrenamiento Personal [&hellip;]<\/p>\n","protected":false},"author":1,"featured_media":0,"parent":0,"menu_order":0,"comment_status":"closed","ping_status":"closed","template":"","meta":{"site-sidebar-layout":"no-sidebar","site-content-layout":"","ast-site-content-layout":"full-width-container","site-content-style":"default","site-sidebar-style":"default","ast-global-header-display":"","ast-banner-title-visibility":"","ast-main-header-display":"","ast-hfb-above-header-display":"","ast-hfb-below-header-display":"","ast-hfb-mobile-header-display":"","site-post-title":"","ast-breadcrumbs-content":"","ast-featured-img":"disabled","footer-sml-layout":"","theme-transparent-header-meta":"","adv-header-id-meta":"","stick-header-meta":"","header-above-stick-meta":"","header-main-stick-meta":"","header-below-stick-meta":"","astra-migrate-meta-layouts":"default","ast-page-background-enabled":"default","ast-page-background-meta":{"desktop":{"background-color":"var(--ast-global-color-4)","background-image":"","background-repeat":"repeat","background-position":"center center","background-size":"auto","background-attachment":"scroll","background-type":"","background-media":"","overlay-type":"","overlay-color":"","overlay-opacity":"","overlay-gradient":""},"tablet":{"background-color":"","background-image":"","background-repeat":"repeat","background-position":"center center","background-size":"auto","background-attachment":"scroll","background-type":"","background-media":"","overlay-type":"","overlay-color":"","overlay-opacity":"","overlay-gradient":""},"mobile":{"background-color":"","background-image":"","background-repeat":"repeat","background-position":"center center","background-size":"auto","background-attachment":"scroll","background-type":"","background-media":"","overlay-type":"","overlay-color":"","overlay-opacity":"","overlay-gradient":""}},"ast-content-background-meta":{"desktop":{"background-color":"var(--ast-global-color-5)","background-image":"","background-repeat":"repeat","background-position":"center center","background-size":"auto","background-attachment":"scroll","background-type":"","background-media":"","overlay-type":"","overlay-color":"","overlay-opacity":"","overlay-gradient":""},"tablet":{"background-color":"var(--ast-global-color-5)","background-image":"","background-repeat":"repeat","background-position":"center center","background-size":"auto","background-attachment":"scroll","background-type":"","background-media":"","overlay-type":"","overlay-color":"","overlay-opacity":"","overlay-gradient":""},"mobile":{"background-color":"var(--ast-global-color-5)","background-image":"","background-repeat":"repeat","background-position":"center center","background-size":"auto","background-attachment":"scroll","background-type":"","background-media":"","overlay-type":"","overlay-color":"","overlay-opacity":"","overlay-gradient":""}},"footnotes":""},"class_list":["post-1211","page","type-page","status-publish","hentry"],"_links":{"self":[{"href":"https:\/\/purecorpore.com\/ca\/wp-json\/wp\/v2\/pages\/1211","targetHints":{"allow":["GET"]}}],"collection":[{"href":"https:\/\/purecorpore.com\/ca\/wp-json\/wp\/v2\/pages"}],"about":[{"href":"https:\/\/purecorpore.com\/ca\/wp-json\/wp\/v2\/types\/page"}],"author":[{"embeddable":true,"href":"https:\/\/purecorpore.com\/ca\/wp-json\/wp\/v2\/users\/1"}],"replies":[{"embeddable":true,"href":"https:\/\/purecorpore.com\/ca\/wp-json\/wp\/v2\/comments?post=1211"}],"version-history":[{"count":27,"href":"https:\/\/purecorpore.com\/ca\/wp-json\/wp\/v2\/pages\/1211\/revisions"}],"predecessor-version":[{"id":1906,"href":"https:\/\/purecorpore.com\/ca\/wp-json\/wp\/v2\/pages\/1211\/revisions\/1906"}],"wp:attachment":[{"href":"https:\/\/purecorpore.com\/ca\/wp-json\/wp\/v2\/media?parent=1211"}],"curies":[{"name":"wp","href":"https:\/\/api.w.org\/{rel}","templated":true}]}}