{"id":1243,"date":"2024-06-26T07:26:07","date_gmt":"2024-06-26T06:26:07","guid":{"rendered":"https:\/\/purecorpore.com\/?page_id=1243"},"modified":"2024-07-09T06:07:50","modified_gmt":"2024-07-09T05:07:50","slug":"declaracio-daccessibilitat","status":"publish","type":"page","link":"https:\/\/purecorpore.com\/ca\/declaracion-de-accesibilidad\/","title":{"rendered":"Declaraci\u00f3 d&#039;accessibilitat"},"content":{"rendered":"<div data-elementor-type=\"wp-page\" data-elementor-id=\"1243\" class=\"elementor elementor-1243\" data-elementor-post-type=\"page\">\n\t\t\t\t<div class=\"elementor-element elementor-element-c9a972e e-flex e-con-boxed e-con e-parent\" data-id=\"c9a972e\" data-element_type=\"container\" data-e-type=\"container\" data-settings=\"{&quot;background_background&quot;:&quot;classic&quot;}\">\n\t\t\t\t\t<div class=\"e-con-inner\">\n\t\t\t\t\t<\/div>\n\t\t\t\t<\/div>\n\t\t<div class=\"elementor-element elementor-element-1d829eb e-flex e-con-boxed e-con e-parent\" data-id=\"1d829eb\" data-element_type=\"container\" data-e-type=\"container\" data-settings=\"{&quot;background_background&quot;:&quot;classic&quot;}\">\n\t\t\t\t\t<div class=\"e-con-inner\">\n\t\t\t\t<div class=\"elementor-element elementor-element-bdc1c92 elementor-widget elementor-widget-text-editor\" data-id=\"bdc1c92\" data-element_type=\"widget\" data-e-type=\"widget\" data-widget_type=\"text-editor.default\">\n\t\t\t\t<div class=\"elementor-widget-container\">\n\t\t\t\t\t\t\t\t\t<p data-pm-slice=\"1 3 []\">Estem compromesos a fer accessible el nostre lloc web de conformitat amb el\u00a0<a href=\"https:\/\/www.boe.es\/buscar\/act.php?id=BOE-A-2018-12699\" target=\"_blank\" rel=\"noopener noreferrer nofollow\">Reial Decret 1112\/2018, de 7 de setembre<\/a>, sobre accessibilitat dels llocs web i aplicacions per a dispositius m\u00f2bils del sector p\u00fablic (d&#039;ara endavant, Reial Decret 1112\/2018, de 7 de setembre).<\/p><p><strong>Situaci\u00f3 de compliment<\/strong><\/p><p>Aquest lloc web \u00e9s\u00a0<strong>parcialment conforme<\/strong>\u00a0amb el Reial decret 1112\/2018, de 7 de setembre, a causa de la manca de conformitat dels aspectes que s&#039;indiquen a continuaci\u00f3.<\/p><p><strong>Contingut no accessible<\/strong><\/p><p>El contingut que es recull a continuaci\u00f3 no \u00e9s accessible pel seg\u00fcent:<\/p><ol><li><p><strong>C\u00e0rrega desproporcionada<\/strong>: no aplica.<\/p><\/li><\/ol><p><strong>Preparaci\u00f3 d&#039;aquesta declaraci\u00f3 d&#039;accessibilitat<\/strong><\/p><p>Aquesta declaraci\u00f3 va ser preparada <mark data-color=\"#F5EAC0\">el 26 de juny de 2024<\/mark>.<\/p><p>El m\u00e8tode emprat per preparar la declaraci\u00f3 ha estat una autoavaluaci\u00f3 duta a terme pel mateix organisme.<\/p><p><strong>Observacions i dades de contacte<\/strong><\/p><p>Podeu realitzar comunicacions sobre requisits d&#039;accessibilitat (article 10.2.a) del Reial decret 1112\/2018, de 7 de setembre) com, per exemple:<\/p><ul><li><p>Informar sobre qualsevol possible incompliment per part daquest lloc web.<\/p><\/li><li><p>Transmetre altres dificultats dacc\u00e9s al contingut.<\/p><\/li><li><p>Formular qualsevol altra consulta o suggeriment de millora relativa a laccessibilitat del lloc web.<\/p><\/li><\/ul><p>A trav\u00e9s de les vies seg\u00fcents:<\/p><ul><li><p><mark data-color=\"#F5EAC0\">Correu electr\u00f2nic: <a href=\"mailto:infopurecorpore@gmail.com\"><span style=\"font-weight: 400;\">infopurecorpore@gmail.com<\/span><\/a>\u00a0<\/mark><\/p><\/li><li><p><mark data-color=\"#F5EAC0\">Tel\u00e8fon: <span style=\"font-weight: 400;\">613 02 99 76<\/span><\/mark><\/p><\/li><\/ul><p>Les comunicacions seran rebudes i tractades per l&#039;adre\u00e7a de l&#039;empresa com a unitat responsable dels continguts d&#039;aquest lloc web.<\/p><p><strong>Contingut opcional<\/strong><\/p><p>La versi\u00f3 visible d&#039;aquest lloc web actualment <mark data-color=\"#F5EAC0\">\u00e9s de juny de 2024<\/mark> i en aquesta data es va fer la revisi\u00f3 del nivell daccessibilitat vigent en el moment.<\/p><p>A partir de la data esmentada es duen a terme revisions parcials di\u00e0ries del contingut web nou o modificat, tant de les plantilles com de les p\u00e0gines i documents finals publicats, a fi d&#039;assegurar el compliment dels requeriments d&#039;accessibilitat de la Norma UNE-EN 301549 :2019, considerant les excepcions del Reial decret 1112\/2018, de 7 de setembre.<\/p><p>Entre altres, s&#039;adopten les mesures seg\u00fcents per facilitar l&#039;accessibilitat:<\/p><ul><li><p>Utilitzaci\u00f3 de text alternatiu a les imatges<\/p><\/li><li><p>Els enlla\u00e7os ofereixen detalls de la funci\u00f3 o destinaci\u00f3 de l&#039;hiperenlla\u00e7<\/p><\/li><li><p>\u00das dels est\u00e0ndards del W3C: XHTML 1.0, CSS 3.0, WAI AA.<\/p><\/li><\/ul>\t\t\t\t\t\t\t\t<\/div>\n\t\t\t\t<\/div>\n\t\t\t\t\t<\/div>\n\t\t\t\t<\/div>\n\t\t\t\t<\/div>","protected":false},"excerpt":{"rendered":"<p>Estamos comprometidos a hacer accesible nuestro sitio web de conformidad con el\u00a0Real Decreto 1112\/2018, de 7 de septiembre, sobre accesibilidad [&hellip;]<\/p>\n","protected":false},"author":1,"featured_media":0,"parent":0,"menu_order":0,"comment_status":"closed","ping_status":"closed","template":"","meta":{"site-sidebar-layout":"no-sidebar","site-content-layout":"","ast-site-content-layout":"full-width-container","site-content-style":"default","site-sidebar-style":"default","ast-global-header-display":"","ast-banner-title-visibility":"","ast-main-header-display":"","ast-hfb-above-header-display":"","ast-hfb-below-header-display":"","ast-hfb-mobile-header-display":"","site-post-title":"disabled","ast-breadcrumbs-content":"","ast-featured-img":"disabled","footer-sml-layout":"","theme-transparent-header-meta":"","adv-header-id-meta":"","stick-header-meta":"","header-above-stick-meta":"","header-main-stick-meta":"","header-below-stick-meta":"","astra-migrate-meta-layouts":"default","ast-page-background-enabled":"default","ast-page-background-meta":{"desktop":{"background-color":"var(--ast-global-color-4)","background-image":"","background-repeat":"repeat","background-position":"center center","background-size":"auto","background-attachment":"scroll","background-type":"","background-media":"","overlay-type":"","overlay-color":"","overlay-opacity":"","overlay-gradient":""},"tablet":{"background-color":"","background-image":"","background-repeat":"repeat","background-position":"center center","background-size":"auto","background-attachment":"scroll","background-type":"","background-media":"","overlay-type":"","overlay-color":"","overlay-opacity":"","overlay-gradient":""},"mobile":{"background-color":"","background-image":"","background-repeat":"repeat","background-position":"center center","background-size":"auto","background-attachment":"scroll","background-type":"","background-media":"","overlay-type":"","overlay-color":"","overlay-opacity":"","overlay-gradient":""}},"ast-content-background-meta":{"desktop":{"background-color":"var(--ast-global-color-5)","background-image":"","background-repeat":"repeat","background-position":"center center","background-size":"auto","background-attachment":"scroll","background-type":"","background-media":"","overlay-type":"","overlay-color":"","overlay-opacity":"","overlay-gradient":""},"tablet":{"background-color":"var(--ast-global-color-5)","background-image":"","background-repeat":"repeat","background-position":"center center","background-size":"auto","background-attachment":"scroll","background-type":"","background-media":"","overlay-type":"","overlay-color":"","overlay-opacity":"","overlay-gradient":""},"mobile":{"background-color":"var(--ast-global-color-5)","background-image":"","background-repeat":"repeat","background-position":"center center","background-size":"auto","background-attachment":"scroll","background-type":"","background-media":"","overlay-type":"","overlay-color":"","overlay-opacity":"","overlay-gradient":""}},"footnotes":""},"class_list":["post-1243","page","type-page","status-publish","hentry"],"_links":{"self":[{"href":"https:\/\/purecorpore.com\/ca\/wp-json\/wp\/v2\/pages\/1243","targetHints":{"allow":["GET"]}}],"collection":[{"href":"https:\/\/purecorpore.com\/ca\/wp-json\/wp\/v2\/pages"}],"about":[{"href":"https:\/\/purecorpore.com\/ca\/wp-json\/wp\/v2\/types\/page"}],"author":[{"embeddable":true,"href":"https:\/\/purecorpore.com\/ca\/wp-json\/wp\/v2\/users\/1"}],"replies":[{"embeddable":true,"href":"https:\/\/purecorpore.com\/ca\/wp-json\/wp\/v2\/comments?post=1243"}],"version-history":[{"count":5,"href":"https:\/\/purecorpore.com\/ca\/wp-json\/wp\/v2\/pages\/1243\/revisions"}],"predecessor-version":[{"id":1505,"href":"https:\/\/purecorpore.com\/ca\/wp-json\/wp\/v2\/pages\/1243\/revisions\/1505"}],"wp:attachment":[{"href":"https:\/\/purecorpore.com\/ca\/wp-json\/wp\/v2\/media?parent=1243"}],"curies":[{"name":"wp","href":"https:\/\/api.w.org\/{rel}","templated":true}]}}