{"id":1936,"date":"2025-12-24T14:21:03","date_gmt":"2025-12-24T13:21:03","guid":{"rendered":"https:\/\/purecorpore.com\/?page_id=1936"},"modified":"2026-03-19T18:48:37","modified_gmt":"2026-03-19T17:48:37","slug":"pilates-amb-maquines","status":"publish","type":"page","link":"https:\/\/purecorpore.com\/ca\/pilates-con-maquinas\/","title":{"rendered":"Pilates amb M\u00e0quines"},"content":{"rendered":"<div data-elementor-type=\"wp-page\" data-elementor-id=\"1936\" class=\"elementor elementor-1936\" data-elementor-post-type=\"page\">\n\t\t\t\t<div class=\"elementor-element elementor-element-fabc66e e-flex e-con-boxed e-con e-parent\" data-id=\"fabc66e\" data-element_type=\"container\" data-e-type=\"container\" data-settings=\"{&quot;background_background&quot;:&quot;gradient&quot;}\">\n\t\t\t\t\t<div class=\"e-con-inner\">\n\t\t\t\t<div class=\"elementor-element elementor-element-e825221 elementor-widget elementor-widget-image\" data-id=\"e825221\" data-element_type=\"widget\" data-e-type=\"widget\" data-widget_type=\"image.default\">\n\t\t\t\t<div class=\"elementor-widget-container\">\n\t\t\t\t\t\t\t\t\t\t\t\t\t\t\t<img fetchpriority=\"high\" decoding=\"async\" width=\"1024\" height=\"682\" src=\"https:\/\/purecorpore.com\/wp-content\/uploads\/2026\/02\/Pilates-con-maquinas-en-Castelldefels-sala-actividades-principal-1024x682.webp\" class=\"attachment-large size-large wp-image-1985\" alt=\"Pilates amb maquines al centre d&#039;entrenador personal a Castelldefels.\" srcset=\"https:\/\/purecorpore.com\/wp-content\/uploads\/2026\/02\/Pilates-con-maquinas-en-Castelldefels-sala-actividades-principal-1024x682.webp 1024w, https:\/\/purecorpore.com\/wp-content\/uploads\/2026\/02\/Pilates-con-maquinas-en-Castelldefels-sala-actividades-principal-300x200.webp 300w, https:\/\/purecorpore.com\/wp-content\/uploads\/2026\/02\/Pilates-con-maquinas-en-Castelldefels-sala-actividades-principal-768x512.webp 768w, https:\/\/purecorpore.com\/wp-content\/uploads\/2026\/02\/Pilates-con-maquinas-en-Castelldefels-sala-actividades-principal-1536x1023.webp 1536w, https:\/\/purecorpore.com\/wp-content\/uploads\/2026\/02\/Pilates-con-maquinas-en-Castelldefels-sala-actividades-principal-18x12.webp 18w, https:\/\/purecorpore.com\/wp-content\/uploads\/2026\/02\/Pilates-con-maquinas-en-Castelldefels-sala-actividades-principal.webp 1600w\" sizes=\"(max-width: 1024px) 100vw, 1024px\" title=\"\">\t\t\t\t\t\t\t\t\t\t\t\t\t\t\t<\/div>\n\t\t\t\t<\/div>\n\t\t<div class=\"elementor-element elementor-element-39a0194 e-con-full e-flex e-con e-child\" data-id=\"39a0194\" data-element_type=\"container\" data-e-type=\"container\">\n\t\t<div class=\"elementor-element elementor-element-a9780e5 e-con-full e-flex e-con e-child\" data-id=\"a9780e5\" data-element_type=\"container\" data-e-type=\"container\">\n\t\t<div class=\"elementor-element elementor-element-6382aba e-con-full e-flex e-con e-child\" data-id=\"6382aba\" data-element_type=\"container\" data-e-type=\"container\">\n\t\t\t\t<\/div>\n\t\t\t\t<div class=\"elementor-element elementor-element-d17649c elementor-widget elementor-widget-heading\" data-id=\"d17649c\" data-element_type=\"widget\" data-e-type=\"widget\" data-widget_type=\"heading.default\">\n\t\t\t\t<div class=\"elementor-widget-container\">\n\t\t\t\t\t<h2 class=\"elementor-heading-title elementor-size-default\"><a href=\"https:\/\/purecorpore.com\/ca\/pilates-amb-maquines\/\">Pilates amb m\u00e0quines a Castelldefels platja<\/a><\/h2>\t\t\t\t<\/div>\n\t\t\t\t<\/div>\n\t\t\t\t<div class=\"elementor-element elementor-element-8be8abb elementor-widget__width-initial elementor-widget elementor-widget-text-editor\" data-id=\"8be8abb\" data-element_type=\"widget\" data-e-type=\"widget\" data-widget_type=\"text-editor.default\">\n\t\t\t\t<div class=\"elementor-widget-container\">\n\t\t\t\t\t\t\t\t\t<p>\u00a0<\/p><p data-start=\"279\" data-end=\"521\">Ben aviat podr\u00e0s gaudir d&#039;un nou servei de <strong data-start=\"331\" data-end=\"378\">pilates amb m\u00e0quines a Castelldefels platja<\/strong>, pensat per acompanyar-te en el teu proc\u00e9s de millora f\u00edsica a trav\u00e9s del moviment conscient, el control corporal i el treball personalitzat.<\/p><p data-start=\"523\" data-end=\"731\">Ubicat en un entorn tranquil i proper al mar, aquest servei ofereix un espai cuidat on poder entrenar amb calma, atenci\u00f3 i professionalitat, adaptant cada sessi\u00f3 a les necessitats de cada persona.<\/p><p data-start=\"733\" data-end=\"978\">Les sessions de <strong data-start=\"749\" data-end=\"790\">pilates amb m\u00e0quines a Castelldefels<\/strong> estaran orientades tant al benestar f\u00edsic general com al treball espec\u00edfic de for\u00e7a, mobilitat i coordinaci\u00f3, i s&#039;integraran f\u00e0cilment en rutines de salut, esport o recuperaci\u00f3.<\/p>\t\t\t\t\t\t\t\t<\/div>\n\t\t\t\t<\/div>\n\t\t\t\t<\/div>\n\t\t\t\t<\/div>\n\t\t\t\t\t<\/div>\n\t\t\t\t<\/div>\n\t\t<div class=\"elementor-element elementor-element-50a2246 e-flex e-con-boxed e-con e-parent\" data-id=\"50a2246\" data-element_type=\"container\" data-e-type=\"container\">\n\t\t\t\t\t<div class=\"e-con-inner\">\n\t\t<div class=\"elementor-element elementor-element-d1ae7ea e-con-full e-flex e-con e-child\" data-id=\"d1ae7ea\" data-element_type=\"container\" data-e-type=\"container\">\n\t\t<div class=\"elementor-element elementor-element-632878e e-con-full e-flex e-con e-child\" data-id=\"632878e\" data-element_type=\"container\" data-e-type=\"container\">\n\t\t<div class=\"elementor-element elementor-element-2895324 e-con-full e-flex e-con e-child\" data-id=\"2895324\" data-element_type=\"container\" data-e-type=\"container\">\n\t\t\t\t<\/div>\n\t\t\t\t<div class=\"elementor-element elementor-element-5bdfaf3 elementor-widget elementor-widget-heading\" data-id=\"5bdfaf3\" data-element_type=\"widget\" data-e-type=\"widget\" data-widget_type=\"heading.default\">\n\t\t\t\t<div class=\"elementor-widget-container\">\n\t\t\t\t\t<h2 class=\"elementor-heading-title elementor-size-default\"><a href=\"https:\/\/purecorpore.com\/ca\/pilates-amb-maquines\/\">Qu\u00e8 \u00e9s el pilates amb m\u00e0quines a Castelldefels?<\/a><\/h2>\t\t\t\t<\/div>\n\t\t\t\t<\/div>\n\t\t\t\t<div class=\"elementor-element elementor-element-e4e7571 elementor-widget__width-initial elementor-widget elementor-widget-text-editor\" data-id=\"e4e7571\" data-element_type=\"widget\" data-e-type=\"widget\" data-widget_type=\"text-editor.default\">\n\t\t\t\t<div class=\"elementor-widget-container\">\n\t\t\t\t\t\t\t\t\t<p data-start=\"1041\" data-end=\"1204\">El <strong data-start=\"1044\" data-end=\"1068\">pilates amb m\u00e0quines<\/strong> \u00e9s una modalitat del m\u00e8tode pilates que utilitza equipament com el Ladder Barrel, Cadillac, torre de pilates (Wall Unit) o Chair per acompanyar i guiar el moviment.<\/p><p data-start=\"1206\" data-end=\"1427\">Aquestes m\u00e0quines permeten ajustar la resist\u00e8ncia i facilitar o intensificar els exercicis segons el nivell, l&#039;experi\u00e8ncia o la condici\u00f3 f\u00edsica de cada persona. Aix\u00f2 fa que la feina sigui adaptable, progressiva i molt vers\u00e0til.<\/p><p data-start=\"1429\" data-end=\"1644\">A les sessions, l&#039;objectiu \u00e9s millorar la connexi\u00f3 amb el cos, el control del moviment i la qualitat de l&#039;execuci\u00f3, sempre respectant el ritme individual.<\/p>\t\t\t\t\t\t\t\t<\/div>\n\t\t\t\t<\/div>\n\t\t\t\t<\/div>\n\t\t\t\t<\/div>\n\t\t<div class=\"elementor-element elementor-element-9de81df e-con-full e-flex e-con e-child\" data-id=\"9de81df\" data-element_type=\"container\" data-e-type=\"container\">\n\t\t<div class=\"elementor-element elementor-element-e528c92 e-con-full e-flex e-con e-child\" data-id=\"e528c92\" data-element_type=\"container\" data-e-type=\"container\">\n\t\t<div class=\"elementor-element elementor-element-d456431 e-con-full e-flex e-con e-child\" data-id=\"d456431\" data-element_type=\"container\" data-e-type=\"container\">\n\t\t<div class=\"elementor-element elementor-element-aff7e58 e-con-full e-flex e-con e-child\" data-id=\"aff7e58\" data-element_type=\"container\" data-e-type=\"container\">\n\t\t<div class=\"elementor-element elementor-element-e26c09f e-con-full e-flex e-con e-child\" data-id=\"e26c09f\" data-element_type=\"container\" data-e-type=\"container\">\n\t\t\t\t<\/div>\n\t\t\t\t<div class=\"elementor-element elementor-element-9000ebb elementor-widget elementor-widget-heading\" data-id=\"9000ebb\" data-element_type=\"widget\" data-e-type=\"widget\" data-widget_type=\"heading.default\">\n\t\t\t\t<div class=\"elementor-widget-container\">\n\t\t\t\t\t<h2 class=\"elementor-heading-title elementor-size-default\"><a href=\"https:\/\/purecorpore.com\/ca\/pilates-amb-maquines\/\">Beneficis del pilates amb m\u00e0quines a Castelldefels Playa<\/a><\/h2>\t\t\t\t<\/div>\n\t\t\t\t<\/div>\n\t\t\t\t<div class=\"elementor-element elementor-element-be01a79 elementor-widget__width-initial elementor-widget elementor-widget-text-editor\" data-id=\"be01a79\" data-element_type=\"widget\" data-e-type=\"widget\" data-widget_type=\"text-editor.default\">\n\t\t\t\t<div class=\"elementor-widget-container\">\n\t\t\t\t\t\t\t\t\t<p data-start=\"980\" data-end=\"1050\">\u00a0<\/p><p data-start=\"1697\" data-end=\"1790\">El <strong data-start=\"1700\" data-end=\"1741\">pilates amb m\u00e0quines a Castelldefels<\/strong> est\u00e0 dirigit a una gran varietat de persones:<\/p><ul data-start=\"1792\" data-end=\"2070\"><li data-section-id=\"1p0vane\" data-start=\"1792\" data-end=\"1840\"><p data-start=\"1794\" data-end=\"1840\">Persones que volen iniciar-se al pilates<\/p><\/li><li data-section-id=\"1vnu7yq\" data-start=\"1841\" data-end=\"1895\"><p data-start=\"1843\" data-end=\"1895\">Persones que busquen millorar la seva postura i mobilitat<\/p><\/li><li data-section-id=\"1nkqar4\" data-start=\"1896\" data-end=\"1953\"><p data-start=\"1898\" data-end=\"1953\">Esportistes que volen complementar el seu entrenament<\/p><\/li><li data-section-id=\"18w2xen\" data-start=\"1954\" data-end=\"2009\"><p data-start=\"1956\" data-end=\"2009\">Persones en processos de recuperaci\u00f3 o readaptaci\u00f3<\/p><\/li><li data-section-id=\"2us0mf\" data-start=\"2010\" data-end=\"2070\"><p data-start=\"2012\" data-end=\"2070\">Persones que busquen un entrenament guiat i conscient<\/p><\/li><\/ul><p data-start=\"2072\" data-end=\"2232\">Gr\u00e0cies a la capacitat d&#039;adaptaci\u00f3, cada sessi\u00f3 es pot ajustar a diferents objectius i nivells, des de principiants fins a persones amb experi\u00e8ncia pr\u00e8via.<\/p>\t\t\t\t\t\t\t\t<\/div>\n\t\t\t\t<\/div>\n\t\t\t\t<\/div>\n\t\t\t\t<\/div>\n\t\t<div class=\"elementor-element elementor-element-df65299 e-con-full e-flex e-con e-child\" data-id=\"df65299\" data-element_type=\"container\" data-e-type=\"container\">\n\t\t\t\t<\/div>\n\t\t\t\t<\/div>\n\t\t\t\t<\/div>\n\t\t<div class=\"elementor-element elementor-element-afd6812 e-con-full e-flex e-con e-child\" data-id=\"afd6812\" data-element_type=\"container\" data-e-type=\"container\">\n\t\t<div class=\"elementor-element elementor-element-375b019 e-con-full e-flex e-con e-child\" data-id=\"375b019\" data-element_type=\"container\" data-e-type=\"container\">\n\t\t<div class=\"elementor-element elementor-element-dbbb62f e-con-full e-flex e-con e-child\" data-id=\"dbbb62f\" data-element_type=\"container\" data-e-type=\"container\">\n\t\t<div class=\"elementor-element elementor-element-c313b24 e-con-full e-flex e-con e-child\" data-id=\"c313b24\" data-element_type=\"container\" data-e-type=\"container\" data-settings=\"{&quot;background_background&quot;:&quot;classic&quot;}\">\n\t\t\t\t<div class=\"elementor-element elementor-element-4b4d870 elementor-widget elementor-widget-heading\" data-id=\"4b4d870\" data-element_type=\"widget\" data-e-type=\"widget\" data-widget_type=\"heading.default\">\n\t\t\t\t<div class=\"elementor-widget-container\">\n\t\t\t\t\t<h2 class=\"elementor-heading-title elementor-size-default\"><a href=\"https:\/\/purecorpore.com\/ca\/pilates-amb-maquines\/\">Beneficis del pilates amb m\u00e0quines a Castelldefels platja<\/a><\/h2>\t\t\t\t<\/div>\n\t\t\t\t<\/div>\n\t\t\t\t<div class=\"elementor-element elementor-element-2260398 elementor-widget__width-initial elementor-widget elementor-widget-text-editor\" data-id=\"2260398\" data-element_type=\"widget\" data-e-type=\"widget\" data-widget_type=\"text-editor.default\">\n\t\t\t\t<div class=\"elementor-widget-container\">\n\t\t\t\t\t\t\t\t\t<p data-start=\"2304\" data-end=\"2398\">Practicar <strong data-start=\"2314\" data-end=\"2361\">pilates amb m\u00e0quines a Castelldefels platja<\/strong> de forma regular pot ajudar-te a:<\/p><ul data-start=\"2400\" data-end=\"2726\"><li data-section-id=\"enpphm\" data-start=\"2400\" data-end=\"2447\"><p data-start=\"2402\" data-end=\"2447\">Millorar la postura corporal al dia a dia<\/p><\/li><li data-section-id=\"1trb4mk\" data-start=\"2448\" data-end=\"2491\"><p data-start=\"2450\" data-end=\"2491\">Augmentar la mobilitat i la flexibilitat<\/p><\/li><li data-section-id=\"1u8jpi3\" data-start=\"2492\" data-end=\"2537\"><p data-start=\"2494\" data-end=\"2537\">Enfortir la musculatura profunda (core)<\/p><\/li><li data-section-id=\"1vmepow\" data-start=\"2538\" data-end=\"2570\"><p data-start=\"2540\" data-end=\"2570\">Reduir tensions acumulades<\/p><\/li><li data-section-id=\"1lu3vpa\" data-start=\"2571\" data-end=\"2626\"><p data-start=\"2573\" data-end=\"2626\">Millorar la coordinaci\u00f3 i el control del moviment<\/p><\/li><li data-section-id=\"v4cfop\" data-start=\"2627\" data-end=\"2689\"><p data-start=\"2629\" data-end=\"2689\">Complementar altres entrenaments o activitats esportives<\/p><\/li><li data-section-id=\"19yat9q\" data-start=\"2690\" data-end=\"2726\"><p data-start=\"2692\" data-end=\"2726\">Afavorir la consci\u00e8ncia corporal<\/p><\/li><\/ul><p data-start=\"2728\" data-end=\"2842\">Tot plegat en un entorn agradable, a prop del mar, que facilita la const\u00e0ncia i la connexi\u00f3 amb el propi cos.<\/p><h3 data-section-id=\"fv041p\" data-start=\"2849\" data-end=\"2898\">Moviment conscient<\/h3><p data-start=\"2900\" data-end=\"3019\">L&#039;enfocament del <strong data-start=\"2915\" data-end=\"2956\">pilates amb m\u00e0quines a Castelldefels<\/strong> es basa en la qualitat del moviment m\u00e9s que no pas en la quantitat.<\/p><p data-start=\"3021\" data-end=\"3264\">Cada exercici es realitza amb atenci\u00f3, control i respiraci\u00f3, cercant integrar el treball f\u00edsic amb la percepci\u00f3 corporal. Aix\u00f2 permet que cada sessi\u00f3 sigui no sols un entrenament, sin\u00f3 tamb\u00e9 un espai de connexi\u00f3 i cura personal.<\/p><h3 data-section-id=\"1i422js\" data-start=\"3271\" data-end=\"3315\">Un nou espai a Castelldefels platja<\/h3><p data-start=\"3317\" data-end=\"3487\">Molt aviat aquest servei formar\u00e0 part d&#039;un espai dedicat al moviment, la salut i l&#039;entrenament conscient.<\/p><p data-start=\"3489\" data-end=\"3618\">Un lloc on podr\u00e0s treballar el teu cos de manera progressiva, acompanyat i en un ambient proper, professional i adaptat a tu.<\/p><p data-start=\"3489\" data-end=\"3618\">\u00a0<\/p><p data-start=\"3489\" data-end=\"3618\">\u00a0<\/p><p data-start=\"3489\" data-end=\"3618\">\u00a0<\/p><p data-start=\"137\" data-end=\"479\">Un dels aspectes m\u00e9s interessants daquest tipus de treball \u00e9s la capacitat dadaptaci\u00f3 al llarg del temps. A mesura que el cos va assimilant els exercicis, es poden introduir petites variacions que augmenten la dificultat o canvien lenfocament del moviment, permetent seguir avan\u00e7ant sense perdre la qualitat en lexecuci\u00f3.<\/p><p data-start=\"481\" data-end=\"747\">L&#039;aprenentatge \u00e9s gradual i respectu\u00f3s, cosa que facilita que cada persona es pugui familiaritzar amb els exercicis i guanyar seguretat sessi\u00f3 rere sessi\u00f3. Aquesta evoluci\u00f3 no es basa en fer m\u00e9s, sin\u00f3 fer millor, afinant la precisi\u00f3, el control i la coordinaci\u00f3.<\/p><p data-start=\"749\" data-end=\"984\">Amb la pr\u00e0ctica continuada, el cos comen\u00e7a a integrar aquests patrons de moviment de manera natural. Aix\u00f2 es tradueix en una millora en gestos quotidians com ara caminar, seure o aixecar pes, aix\u00ed com en altres activitats f\u00edsiques.<\/p><p data-start=\"986\" data-end=\"1276\">A m\u00e9s, mantenir una rutina regular ajuda a consolidar els canvis, afavorint una sensaci\u00f3 de m\u00e9s estabilitat, lleugeresa i control corporal. A poc a poc, la feina feta a cada sessi\u00f3 es reflecteix fora d&#039;aquesta, aportant beneficis que van m\u00e9s enll\u00e0 del moment d&#039;entrenament.<\/p><p data-start=\"1278\" data-end=\"1455\">Aquest enfocament permet que cada persona avanci al seu ritme, sense presses i amb una base s\u00f2lida, construint un proc\u00e9s sostenible en el temps i adaptat a les seves necessitats.<\/p><p data-start=\"3489\" data-end=\"3618\">\u00a0<\/p><p data-start=\"3489\" data-end=\"3618\">\u00a0<\/p><p data-start=\"3489\" data-end=\"3618\">\u00a0<\/p><p data-start=\"3489\" data-end=\"3618\">\u00a0<\/p><h3 data-section-id=\"p8m25a\" data-start=\"3625\" data-end=\"3642\">Properament<\/h3><p data-start=\"3644\" data-end=\"3781\">Properament, un nou espai per al moviment conscient, la cura corporal i l&#039;entrenament de qualitat a Castelldefels platja.<\/p>\t\t\t\t\t\t\t\t<\/div>\n\t\t\t\t<\/div>\n\t\t\t\t<\/div>\n\t\t\t\t<\/div>\n\t\t\t\t<\/div>\n\t\t\t\t<\/div>\n\t\t<div class=\"elementor-element elementor-element-d337cd4 e-con-full e-flex e-con e-child\" data-id=\"d337cd4\" data-element_type=\"container\" data-e-type=\"container\">\n\t\t\t\t<\/div>\n\t\t\t\t\t<\/div>\n\t\t\t\t<\/div>\n\t\t\t\t<\/div>","protected":false},"excerpt":{"rendered":"<p>Pilates con m\u00e1quinas en Castelldefels playa \u00a0 Muy pronto podr\u00e1s disfrutar de un nuevo servicio de pilates con m\u00e1quinas en [&hellip;]<\/p>\n","protected":false},"author":2,"featured_media":1985,"parent":0,"menu_order":0,"comment_status":"closed","ping_status":"closed","template":"","meta":{"site-sidebar-layout":"no-sidebar","site-content-layout":"","ast-site-content-layout":"full-width-container","site-content-style":"default","site-sidebar-style":"default","ast-global-header-display":"","ast-banner-title-visibility":"","ast-main-header-display":"","ast-hfb-above-header-display":"","ast-hfb-below-header-display":"","ast-hfb-mobile-header-display":"","site-post-title":"","ast-breadcrumbs-content":"","ast-featured-img":"disabled","footer-sml-layout":"","theme-transparent-header-meta":"","adv-header-id-meta":"","stick-header-meta":"","header-above-stick-meta":"","header-main-stick-meta":"","header-below-stick-meta":"","astra-migrate-meta-layouts":"default","ast-page-background-enabled":"default","ast-page-background-meta":{"desktop":{"background-color":"var(--ast-global-color-4)","background-image":"","background-repeat":"repeat","background-position":"center center","background-size":"auto","background-attachment":"scroll","background-type":"","background-media":"","overlay-type":"","overlay-color":"","overlay-opacity":"","overlay-gradient":""},"tablet":{"background-color":"","background-image":"","background-repeat":"repeat","background-position":"center center","background-size":"auto","background-attachment":"scroll","background-type":"","background-media":"","overlay-type":"","overlay-color":"","overlay-opacity":"","overlay-gradient":""},"mobile":{"background-color":"","background-image":"","background-repeat":"repeat","background-position":"center center","background-size":"auto","background-attachment":"scroll","background-type":"","background-media":"","overlay-type":"","overlay-color":"","overlay-opacity":"","overlay-gradient":""}},"ast-content-background-meta":{"desktop":{"background-color":"var(--ast-global-color-5)","background-image":"","background-repeat":"repeat","background-position":"center center","background-size":"auto","background-attachment":"scroll","background-type":"","background-media":"","overlay-type":"","overlay-color":"","overlay-opacity":"","overlay-gradient":""},"tablet":{"background-color":"var(--ast-global-color-5)","background-image":"","background-repeat":"repeat","background-position":"center center","background-size":"auto","background-attachment":"scroll","background-type":"","background-media":"","overlay-type":"","overlay-color":"","overlay-opacity":"","overlay-gradient":""},"mobile":{"background-color":"var(--ast-global-color-5)","background-image":"","background-repeat":"repeat","background-position":"center center","background-size":"auto","background-attachment":"scroll","background-type":"","background-media":"","overlay-type":"","overlay-color":"","overlay-opacity":"","overlay-gradient":""}},"footnotes":""},"class_list":["post-1936","page","type-page","status-publish","has-post-thumbnail","hentry"],"_links":{"self":[{"href":"https:\/\/purecorpore.com\/ca\/wp-json\/wp\/v2\/pages\/1936","targetHints":{"allow":["GET"]}}],"collection":[{"href":"https:\/\/purecorpore.com\/ca\/wp-json\/wp\/v2\/pages"}],"about":[{"href":"https:\/\/purecorpore.com\/ca\/wp-json\/wp\/v2\/types\/page"}],"author":[{"embeddable":true,"href":"https:\/\/purecorpore.com\/ca\/wp-json\/wp\/v2\/users\/2"}],"replies":[{"embeddable":true,"href":"https:\/\/purecorpore.com\/ca\/wp-json\/wp\/v2\/comments?post=1936"}],"version-history":[{"count":23,"href":"https:\/\/purecorpore.com\/ca\/wp-json\/wp\/v2\/pages\/1936\/revisions"}],"predecessor-version":[{"id":2024,"href":"https:\/\/purecorpore.com\/ca\/wp-json\/wp\/v2\/pages\/1936\/revisions\/2024"}],"wp:featuredmedia":[{"embeddable":true,"href":"https:\/\/purecorpore.com\/ca\/wp-json\/wp\/v2\/media\/1985"}],"wp:attachment":[{"href":"https:\/\/purecorpore.com\/ca\/wp-json\/wp\/v2\/media?parent=1936"}],"curies":[{"name":"wp","href":"https:\/\/api.w.org\/{rel}","templated":true}]}}