{"id":1950,"date":"2026-01-20T17:43:47","date_gmt":"2026-01-20T16:43:47","guid":{"rendered":"https:\/\/purecorpore.com\/?page_id=1950"},"modified":"2026-03-19T18:26:49","modified_gmt":"2026-03-19T17:26:49","slug":"pilates-a-castelldefels","status":"publish","type":"page","link":"https:\/\/purecorpore.com\/ca\/pilates-en-castelldefels\/","title":{"rendered":"Pilates a Castelldefels"},"content":{"rendered":"<div data-elementor-type=\"wp-page\" data-elementor-id=\"1950\" class=\"elementor elementor-1950\" data-elementor-post-type=\"page\">\n\t\t\t\t<div class=\"elementor-element elementor-element-b6f9e82 e-flex e-con-boxed e-con e-parent\" data-id=\"b6f9e82\" data-element_type=\"container\" data-e-type=\"container\" data-settings=\"{&quot;background_background&quot;:&quot;classic&quot;}\">\n\t\t\t\t\t<div class=\"e-con-inner\">\n\t\t<div class=\"elementor-element elementor-element-74524af e-con-full e-flex e-con e-child\" data-id=\"74524af\" data-element_type=\"container\" data-e-type=\"container\" data-settings=\"{&quot;background_background&quot;:&quot;classic&quot;}\">\n\t\t\t\t<div class=\"elementor-element elementor-element-8f571b9 elementor-widget elementor-widget-heading\" data-id=\"8f571b9\" data-element_type=\"widget\" data-e-type=\"widget\" data-widget_type=\"heading.default\">\n\t\t\t\t<div class=\"elementor-widget-container\">\n\t\t\t\t\t<h1 class=\"elementor-heading-title elementor-size-default\">Pilates a Castelldefels | Salut i Moviment<\/h1>\t\t\t\t<\/div>\n\t\t\t\t<\/div>\n\t\t\t\t<div class=\"elementor-element elementor-element-5cfd697 elementor-widget elementor-widget-heading\" data-id=\"5cfd697\" data-element_type=\"widget\" data-e-type=\"widget\" data-widget_type=\"heading.default\">\n\t\t\t\t<div class=\"elementor-widget-container\">\n\t\t\t\t\t<h2 class=\"elementor-heading-title elementor-size-default\"><strong data-start=\"284\" data-end=\"312\">Pilates a Castelldefels<\/strong> \u00e9s una disciplina enfocada a millorar la for\u00e7a, la mobilitat, la postura i el control corporal.<\/h2>\t\t\t\t<\/div>\n\t\t\t\t<\/div>\n\t\t\t\t<div class=\"elementor-element elementor-element-1562b16 elementor-button-info elementor-widget elementor-widget-button\" data-id=\"1562b16\" data-element_type=\"widget\" data-e-type=\"widget\" data-widget_type=\"button.default\">\n\t\t\t\t<div class=\"elementor-widget-container\">\n\t\t\t\t\t\t\t\t\t<div class=\"elementor-button-wrapper\">\n\t\t\t\t\t<a class=\"elementor-button elementor-button-link elementor-size-sm\" href=\"https:\/\/purecorpore.com\/ca\/serveis-i-tractaments-a-castelldefels\/\" target=\"_blank\" rel=\"nofollow\" id=\"boton-servicios\">\n\t\t\t\t\t\t<span class=\"elementor-button-content-wrapper\">\n\t\t\t\t\t\t\t\t\t<span class=\"elementor-button-text\">Comen\u00e7a a entrenar<\/span>\n\t\t\t\t\t<\/span>\n\t\t\t\t\t<\/a>\n\t\t\t\t<\/div>\n\t\t\t\t\t\t\t\t<\/div>\n\t\t\t\t<\/div>\n\t\t\t\t<\/div>\n\t\t\t\t\t<\/div>\n\t\t\t\t<\/div>\n\t\t<div class=\"elementor-element elementor-element-ce26b39 e-flex e-con-boxed e-con e-parent\" data-id=\"ce26b39\" data-element_type=\"container\" data-e-type=\"container\" data-settings=\"{&quot;background_background&quot;:&quot;classic&quot;}\">\n\t\t\t\t\t<div class=\"e-con-inner\">\n\t\t<div class=\"elementor-element elementor-element-f780c68 e-con-full e-flex e-con e-child\" data-id=\"f780c68\" data-element_type=\"container\" data-e-type=\"container\" data-settings=\"{&quot;background_background&quot;:&quot;classic&quot;}\">\n\t\t\t\t<div class=\"elementor-element elementor-element-f957aba elementor-widget elementor-widget-heading\" data-id=\"f957aba\" data-element_type=\"widget\" data-e-type=\"widget\" data-widget_type=\"heading.default\">\n\t\t\t\t<div class=\"elementor-widget-container\">\n\t\t\t\t\t<h2 class=\"elementor-heading-title elementor-size-default\">Pilates a Castelldefels: control, for\u00e7a i mobilitat<\/h2>\t\t\t\t<\/div>\n\t\t\t\t<\/div>\n\t\t\t\t<div class=\"elementor-element elementor-element-9f026b2 elementor-widget elementor-widget-text-editor\" data-id=\"9f026b2\" data-element_type=\"widget\" data-e-type=\"widget\" data-widget_type=\"text-editor.default\">\n\t\t\t\t<div class=\"elementor-widget-container\">\n\t\t\t\t\t\t\t\t\t<p data-start=\"345\" data-end=\"684\"><span style=\"font-style: inherit; font-weight: inherit;\">El <\/span><strong style=\"font-style: inherit;\" data-start=\"253\" data-end=\"281\">pilates a Castelldefels<\/strong><span style=\"font-style: inherit; font-weight: inherit;\"> \u00e9s una disciplina enfocada al control del moviment, la millora de la postura i l&#039;enfortiment del cos de forma equilibrada i conscient. No es tracta nom\u00e9s de fer exercici, sin\u00f3 d&#039;aprendre a moure&#039;s millor, activar la musculatura profunda i desenvolupar una connexi\u00f3 m\u00e9s gran entre cos i ment.<\/span><\/p>\n<p data-start=\"345\" data-end=\"684\"><span style=\"font-style: inherit; font-weight: inherit;\">\u00a0<\/span><\/p>\n<p data-start=\"589\" data-end=\"939\">A trav\u00e9s d&#039;exercicis progressius i adaptats, els pilates permeten guanyar mobilitat, estabilitat i for\u00e7a respectant sempre el ritme i les capacitats de cada persona. Cada sessi\u00f3 est\u00e0 dissenyada per treballar el cos de forma global, posant especial atenci\u00f3 a la zona central o \u201ccore\u201d, clau per mantenir una bona postura i prevenir mol\u00e8sties.<\/p>\n<p data-start=\"589\" data-end=\"939\">\u00a0<\/p>\n<p data-start=\"941\" data-end=\"1313\">Les classes de pilates a Castelldefels estan indicades tant per a persones que busquen millorar la seva condici\u00f3 f\u00edsica general com per als que volen alleujar mals d&#039;esquena, recuperar mobilitat despr\u00e9s d&#039;una lesi\u00f3 o complementar altres entrenaments. El treball conscient i controlat ajuda a reduir sobrec\u00e0rregues, millorar-ne la coordinaci\u00f3 i augmentar l&#039;estabilitat articular.<\/p>\n<p data-start=\"941\" data-end=\"1313\">\u00a0<\/p>\n<p data-start=\"1315\" data-end=\"1603\">Al nostre centre entenem el pilates com una pr\u00e0ctica segura, efectiva i sostenible en el temps. Adaptem els exercicis segons el nivell, l&#039;experi\u00e8ncia i els objectius de cada alumne, ja sigui millorar la flexibilitat, enfortir la musculatura profunda o guanyar m\u00e9s control corporal.<\/p>\n<p data-start=\"1315\" data-end=\"1603\">\u00a0<\/p>\n<p data-start=\"1605\" data-end=\"1895\">A m\u00e9s, combinem el treball de s\u00f2l amb exercicis espec\u00edfics orientats a la correcci\u00f3 postural i la prevenci\u00f3 de lesions, creant sessions din\u00e0miques i personalitzades. El nostre enfocament prioritza la qualitat del moviment davant de la quantitat, garantint un progr\u00e9s real i durador.<\/p>\n<p data-start=\"1605\" data-end=\"1895\">\u00a0<\/p>\n<p data-start=\"1897\" data-end=\"2116\">Si busques pilates a Castelldefels amb atenci\u00f3 personalitzada i un enfocament professional, trobar\u00e0s un espai on treballar el teu cos de manera conscient, millorar el teu rendiment f\u00edsic i cuidar la teva salut a llarg termini.<\/p>\t\t\t\t\t\t\t\t<\/div>\n\t\t\t\t<\/div>\n\t\t\t\t<\/div>\n\t\t\t\t\t<\/div>\n\t\t\t\t<\/div>\n\t\t<div class=\"elementor-element elementor-element-2a3c781 e-flex e-con-boxed e-con e-parent\" data-id=\"2a3c781\" data-element_type=\"container\" data-e-type=\"container\">\n\t\t\t\t\t<div class=\"e-con-inner\">\n\t\t\t\t<div class=\"elementor-element elementor-element-606945c elementor-widget elementor-widget-image\" data-id=\"606945c\" data-element_type=\"widget\" data-e-type=\"widget\" data-widget_type=\"image.default\">\n\t\t\t\t<div class=\"elementor-widget-container\">\n\t\t\t\t\t\t\t\t\t\t\t\t<figure class=\"wp-caption\">\n\t\t\t\t\t\t\t\t\t\t\t<a href=\"https:\/\/purecorpore.com\/ca\/pilates-amb-maquines\/\">\n\t\t\t\t\t\t\t<img fetchpriority=\"high\" decoding=\"async\" width=\"1024\" height=\"576\" src=\"https:\/\/purecorpore.com\/wp-content\/uploads\/2026\/03\/Pilates-con-maquinas-en-castelldefels-1024x576.webp\" class=\"attachment-large size-large wp-image-2011\" alt=\"Pilates a Castelldefels a Pure Corpore \u2013 classes personalitzades\" srcset=\"https:\/\/purecorpore.com\/wp-content\/uploads\/2026\/03\/Pilates-con-maquinas-en-castelldefels-1024x576.webp 1024w, https:\/\/purecorpore.com\/wp-content\/uploads\/2026\/03\/Pilates-con-maquinas-en-castelldefels-300x169.webp 300w, https:\/\/purecorpore.com\/wp-content\/uploads\/2026\/03\/Pilates-con-maquinas-en-castelldefels-768x432.webp 768w, https:\/\/purecorpore.com\/wp-content\/uploads\/2026\/03\/Pilates-con-maquinas-en-castelldefels-18x10.webp 18w, https:\/\/purecorpore.com\/wp-content\/uploads\/2026\/03\/Pilates-con-maquinas-en-castelldefels.webp 1200w\" sizes=\"(max-width: 1024px) 100vw, 1024px\" title=\"\">\t\t\t\t\t\t\t\t<\/a>\n\t\t\t\t\t\t\t\t\t\t\t<figcaption class=\"widget-image-caption wp-caption-text\"><\/figcaption>\n\t\t\t\t\t\t\t\t\t\t<\/figure>\n\t\t\t\t\t\t\t\t\t<\/div>\n\t\t\t\t<\/div>\n\t\t\t\t\t<\/div>\n\t\t\t\t<\/div>\n\t\t<div class=\"elementor-element elementor-element-2c1f68f e-flex e-con-boxed e-con e-parent\" data-id=\"2c1f68f\" data-element_type=\"container\" data-e-type=\"container\">\n\t\t\t\t\t<div class=\"e-con-inner\">\n\t\t<div class=\"elementor-element elementor-element-f983542 e-con-full e-flex e-con e-child\" data-id=\"f983542\" data-element_type=\"container\" data-e-type=\"container\">\n\t\t<div class=\"elementor-element elementor-element-62b3db0 e-con-full e-flex e-con e-child\" data-id=\"62b3db0\" data-element_type=\"container\" data-e-type=\"container\" data-settings=\"{&quot;background_background&quot;:&quot;classic&quot;}\">\n\t\t\t\t<div class=\"elementor-element elementor-element-b5fab42 elementor-widget elementor-widget-heading\" data-id=\"b5fab42\" data-element_type=\"widget\" data-e-type=\"widget\" data-widget_type=\"heading.default\">\n\t\t\t\t<div class=\"elementor-widget-container\">\n\t\t\t\t\t<h2 class=\"elementor-heading-title elementor-size-default\"><a href=\"https:\/\/purecorpore.com\/ca\/pilates-amb-maquines\/\">Pilates amb suport de m\u00e0quines<\/a><\/h2>\t\t\t\t<\/div>\n\t\t\t\t<\/div>\n\t\t\t\t<div class=\"elementor-element elementor-element-398fab5 elementor-widget__width-initial elementor-widget elementor-widget-text-editor\" data-id=\"398fab5\" data-element_type=\"widget\" data-e-type=\"widget\" data-widget_type=\"text-editor.default\">\n\t\t\t\t<div class=\"elementor-widget-container\">\n\t\t\t\t\t\t\t\t\t<p data-start=\"299\" data-end=\"664\">Al nostre centre, el pilates es treballa tamb\u00e9 amb el suport de m\u00e0quines, cosa que permet un enfocament m\u00e9s guiat i prec\u00eds del moviment.<br data-start=\"436\" data-end=\"439\" \/>Dins les classes de <strong data-start=\"463\" data-end=\"491\">pilates a Castelldefels<\/strong>, Aquest tipus de treball facilita l&#039;adaptaci\u00f3 dels exercicis i ajuda a millorar la for\u00e7a, l&#039;estabilitat, la mobilitat i el control corporal de manera progressiva i segura.<\/p>\n<p data-start=\"666\" data-end=\"847\">L\u00b4\u00fas d\u00b4equipament espec\u00edfic permet acompanyar millor cada exercici, respectant el ritme del cos i afavorint una pr\u00e0ctica conscient, controlada i orientada al benestar.<\/p>\t\t\t\t\t\t\t\t<\/div>\n\t\t\t\t<\/div>\n\t\t\t\t<\/div>\n\t\t\t\t<\/div>\n\t\t\t\t\t<\/div>\n\t\t\t\t<\/div>\n\t\t<div class=\"elementor-element elementor-element-c7c95dd e-flex e-con-boxed e-con e-parent\" data-id=\"c7c95dd\" data-element_type=\"container\" data-e-type=\"container\">\n\t\t\t\t\t<div class=\"e-con-inner\">\n\t\t<div class=\"elementor-element elementor-element-7526410 e-con-full e-flex e-con e-child\" data-id=\"7526410\" data-element_type=\"container\" data-e-type=\"container\">\n\t\t\t\t<\/div>\n\t\t\t\t<div class=\"elementor-element elementor-element-f672260 elementor-widget elementor-widget-heading\" data-id=\"f672260\" data-element_type=\"widget\" data-e-type=\"widget\" data-widget_type=\"heading.default\">\n\t\t\t\t<div class=\"elementor-widget-container\">\n\t\t\t\t\t<h2 class=\"elementor-heading-title elementor-size-default\"><a href=\"https:\/\/purecorpore.com\/ca\/pilates-amb-maquines\/\">Pilates a Castelldefels: benestar en un entorn privilegiat<\/a><\/h2>\t\t\t\t<\/div>\n\t\t\t\t<\/div>\n\t\t\t\t<div class=\"elementor-element elementor-element-8f6c376 elementor-widget__width-initial elementor-widget elementor-widget-text-editor\" data-id=\"8f6c376\" data-element_type=\"widget\" data-e-type=\"widget\" data-widget_type=\"text-editor.default\">\n\t\t\t\t<div class=\"elementor-widget-container\">\n\t\t\t\t\t\t\t\t\t<p style=\"font-size: 19px; font-style: normal; font-weight: 400;\" data-start=\"368\" data-end=\"734\">\u00a0<\/p>\n<p style=\"font-size: 19px; font-style: normal; font-weight: 400;\" data-start=\"368\" data-end=\"734\">Practicar\u00a0<span style=\"font-weight: bold;\" data-start=\"378\" data-end=\"406\">pilates a Castelldefels<\/span>\u00a0t\u00e9 un valor afegit que va m\u00e9s enll\u00e0 del mateix m\u00e8tode. La ciutat ofereix un entorn privilegiat que convida al moviment conscient ia la cura del cos. La combinaci\u00f3 de mar, muntanya i zones verdes \u00e0mplies crea l&#039;escenari perfecte per integrar l&#039;activitat f\u00edsica dins un estil de vida saludable i equilibrat.<\/p>\n<p style=\"font-size: 19px; font-style: normal; font-weight: 400;\" data-start=\"736\" data-end=\"1198\">Castelldefels permet gaudir del pilates tant a espais a l&#039;aire lliure com a centres especialitzats. La platja es converteix en un lloc ideal per connectar respiraci\u00f3 i moviment amb el so del mar de fons. Els parcs i zones verdes ofereixen tranquil\u00b7litat i amplitud per fer exercicis de mobilitat i control corporal. Fins i tot la proximitat a l&#039;entorn natural del Garraf facilita una rutina activa que complementa la feina feta a classe.<\/p>\n<p style=\"font-size: 19px; font-style: normal; font-weight: 400;\" data-start=\"1200\" data-end=\"1733\">Tot i aix\u00f2, encara que l&#039;entorn \u00e9s inspirador, la pr\u00e0ctica guiada en un centre especialitzat marca una gran difer\u00e8ncia en termes de seguretat, progressi\u00f3 i resultats. Al nostre centre de\u00a0<span style=\"font-weight: bold;\" data-start=\"1390\" data-end=\"1418\">pilates a Castelldefels<\/span>, combinem la t\u00e8cnica precisa amb una atenci\u00f3 personalitzada que garanteix que cada exercici es faci correctament, respectant les necessitats i el nivell de cada persona. Comptar amb monitors qualificats o amb un instructor personal permet adaptar-ne la intensitat, corregir la postura i optimitzar cada sessi\u00f3.<\/p>\n<p style=\"font-size: 19px; font-style: normal; font-weight: 400;\" data-start=\"1735\" data-end=\"2157\">El pilates no \u00e9s nom\u00e9s una activitat f\u00edsica; \u00e9s una eina per millorar la qualitat de vida. A una localitat com Castelldefels, on el ritme pot alternar entre la calma de l&#039;entorn natural i l&#039;activitat di\u00e0ria, aquesta disciplina ajuda a equilibrar cos i ment. La pr\u00e0ctica regular afavoreix una postura millor, redueix tensions acumulades i contribueix a mantenir una sensaci\u00f3 de benestar sostinguda en el temps.<\/p>\n<p style=\"font-size: 19px; font-style: normal; font-weight: 400;\" data-start=\"2159\" data-end=\"2468\">Triar practicar\u00a0<span style=\"font-weight: bold;\" data-start=\"2176\" data-end=\"2204\">pilates a Castelldefels<\/span>\u00a0\u00e9s apostar per un estil de vida actiu en un entorn que convida el moviment. Ja sigui a l&#039;aire lliure o en un espai professional com el nostre, l&#039;objectiu \u00e9s el mateix: enfortir el cos, millorar la mobilitat i fomentar una connexi\u00f3 conscient amb un mateix.<\/p>\t\t\t\t\t\t\t\t<\/div>\n\t\t\t\t<\/div>\n\t\t\t\t\t<\/div>\n\t\t\t\t<\/div>\n\t\t<div class=\"elementor-element elementor-element-2268e4a e-flex e-con-boxed e-con e-parent\" data-id=\"2268e4a\" data-element_type=\"container\" data-e-type=\"container\">\n\t\t\t\t\t<div class=\"e-con-inner\">\n\t\t<div class=\"elementor-element elementor-element-f6eecd5 e-con-full e-flex e-con e-child\" data-id=\"f6eecd5\" data-element_type=\"container\" data-e-type=\"container\">\n\t\t\t\t<div class=\"elementor-element elementor-element-d09a35e elementor-widget elementor-widget-image\" data-id=\"d09a35e\" data-element_type=\"widget\" data-e-type=\"widget\" data-widget_type=\"image.default\">\n\t\t\t\t<div class=\"elementor-widget-container\">\n\t\t\t\t\t\t\t\t\t\t\t\t\t\t\t<img decoding=\"async\" width=\"200\" height=\"300\" src=\"https:\/\/purecorpore.com\/wp-content\/uploads\/2026\/02\/pilates-en-castelldefels-playa-pelota-pilates-200x300.jpg\" class=\"attachment-medium size-medium wp-image-1992\" alt=\"Pilates a castelldefels\" srcset=\"https:\/\/purecorpore.com\/wp-content\/uploads\/2026\/02\/pilates-en-castelldefels-playa-pelota-pilates-200x300.jpg 200w, https:\/\/purecorpore.com\/wp-content\/uploads\/2026\/02\/pilates-en-castelldefels-playa-pelota-pilates-683x1024.jpg 683w, https:\/\/purecorpore.com\/wp-content\/uploads\/2026\/02\/pilates-en-castelldefels-playa-pelota-pilates-768x1152.jpg 768w, https:\/\/purecorpore.com\/wp-content\/uploads\/2026\/02\/pilates-en-castelldefels-playa-pelota-pilates-1024x1536.jpg 1024w, https:\/\/purecorpore.com\/wp-content\/uploads\/2026\/02\/pilates-en-castelldefels-playa-pelota-pilates-8x12.jpg 8w, https:\/\/purecorpore.com\/wp-content\/uploads\/2026\/02\/pilates-en-castelldefels-playa-pelota-pilates.jpg 1365w\" sizes=\"(max-width: 200px) 100vw, 200px\" title=\"\">\t\t\t\t\t\t\t\t\t\t\t\t\t\t\t<\/div>\n\t\t\t\t<\/div>\n\t\t\t\t<\/div>\n\t\t<div class=\"elementor-element elementor-element-2a176bb e-con-full e-flex e-con e-child\" data-id=\"2a176bb\" data-element_type=\"container\" data-e-type=\"container\">\n\t\t\t\t<\/div>\n\t\t\t\t\t<\/div>\n\t\t\t\t<\/div>\n\t\t\t\t<\/div>","protected":false},"excerpt":{"rendered":"<p>Pilates en Castelldefels | Salud y Movimiento Pilates en Castelldefels es una disciplina enfocada en mejorar la fuerza, la movilidad, [&hellip;]<\/p>\n","protected":false},"author":2,"featured_media":1954,"parent":0,"menu_order":0,"comment_status":"closed","ping_status":"closed","template":"elementor_header_footer","meta":{"site-sidebar-layout":"no-sidebar","site-content-layout":"","ast-site-content-layout":"full-width-container","site-content-style":"default","site-sidebar-style":"default","ast-global-header-display":"","ast-banner-title-visibility":"","ast-main-header-display":"","ast-hfb-above-header-display":"","ast-hfb-below-header-display":"","ast-hfb-mobile-header-display":"","site-post-title":"","ast-breadcrumbs-content":"","ast-featured-img":"disabled","footer-sml-layout":"","theme-transparent-header-meta":"","adv-header-id-meta":"","stick-header-meta":"","header-above-stick-meta":"","header-main-stick-meta":"","header-below-stick-meta":"","astra-migrate-meta-layouts":"default","ast-page-background-enabled":"default","ast-page-background-meta":{"desktop":{"background-color":"var(--ast-global-color-4)","background-image":"","background-repeat":"repeat","background-position":"center center","background-size":"auto","background-attachment":"scroll","background-type":"","background-media":"","overlay-type":"","overlay-color":"","overlay-opacity":"","overlay-gradient":""},"tablet":{"background-color":"","background-image":"","background-repeat":"repeat","background-position":"center center","background-size":"auto","background-attachment":"scroll","background-type":"","background-media":"","overlay-type":"","overlay-color":"","overlay-opacity":"","overlay-gradient":""},"mobile":{"background-color":"","background-image":"","background-repeat":"repeat","background-position":"center center","background-size":"auto","background-attachment":"scroll","background-type":"","background-media":"","overlay-type":"","overlay-color":"","overlay-opacity":"","overlay-gradient":""}},"ast-content-background-meta":{"desktop":{"background-color":"var(--ast-global-color-5)","background-image":"","background-repeat":"repeat","background-position":"center center","background-size":"auto","background-attachment":"scroll","background-type":"","background-media":"","overlay-type":"","overlay-color":"","overlay-opacity":"","overlay-gradient":""},"tablet":{"background-color":"var(--ast-global-color-5)","background-image":"","background-repeat":"repeat","background-position":"center center","background-size":"auto","background-attachment":"scroll","background-type":"","background-media":"","overlay-type":"","overlay-color":"","overlay-opacity":"","overlay-gradient":""},"mobile":{"background-color":"var(--ast-global-color-5)","background-image":"","background-repeat":"repeat","background-position":"center center","background-size":"auto","background-attachment":"scroll","background-type":"","background-media":"","overlay-type":"","overlay-color":"","overlay-opacity":"","overlay-gradient":""}},"footnotes":""},"class_list":["post-1950","page","type-page","status-publish","has-post-thumbnail","hentry"],"_links":{"self":[{"href":"https:\/\/purecorpore.com\/ca\/wp-json\/wp\/v2\/pages\/1950","targetHints":{"allow":["GET"]}}],"collection":[{"href":"https:\/\/purecorpore.com\/ca\/wp-json\/wp\/v2\/pages"}],"about":[{"href":"https:\/\/purecorpore.com\/ca\/wp-json\/wp\/v2\/types\/page"}],"author":[{"embeddable":true,"href":"https:\/\/purecorpore.com\/ca\/wp-json\/wp\/v2\/users\/2"}],"replies":[{"embeddable":true,"href":"https:\/\/purecorpore.com\/ca\/wp-json\/wp\/v2\/comments?post=1950"}],"version-history":[{"count":26,"href":"https:\/\/purecorpore.com\/ca\/wp-json\/wp\/v2\/pages\/1950\/revisions"}],"predecessor-version":[{"id":2014,"href":"https:\/\/purecorpore.com\/ca\/wp-json\/wp\/v2\/pages\/1950\/revisions\/2014"}],"wp:featuredmedia":[{"embeddable":true,"href":"https:\/\/purecorpore.com\/ca\/wp-json\/wp\/v2\/media\/1954"}],"wp:attachment":[{"href":"https:\/\/purecorpore.com\/ca\/wp-json\/wp\/v2\/media?parent=1950"}],"curies":[{"name":"wp","href":"https:\/\/api.w.org\/{rel}","templated":true}]}}