{"id":895,"date":"2024-06-17T16:27:15","date_gmt":"2024-06-17T15:27:15","guid":{"rendered":"https:\/\/purecorpore.com\/about\/"},"modified":"2025-11-19T17:41:30","modified_gmt":"2025-11-19T16:41:30","slug":"el-centre","status":"publish","type":"page","link":"https:\/\/purecorpore.com\/ca\/el-centro\/","title":{"rendered":"El Centre"},"content":{"rendered":"\t\t<div data-elementor-type=\"wp-page\" data-elementor-id=\"895\" class=\"elementor elementor-895\" data-elementor-post-type=\"page\">\n\t\t\t\t<div class=\"elementor-element elementor-element-e2e98b7 e-flex e-con-boxed e-con e-parent\" data-id=\"e2e98b7\" data-element_type=\"container\" data-e-type=\"container\" data-settings=\"{&quot;background_background&quot;:&quot;classic&quot;}\">\n\t\t\t\t\t<div class=\"e-con-inner\">\n\t\t<div class=\"elementor-element elementor-element-ca1fc5d e-con-full e-flex e-con e-child\" data-id=\"ca1fc5d\" data-element_type=\"container\" data-e-type=\"container\">\n\t\t\t\t<div class=\"elementor-element elementor-element-2323847 elementor-widget elementor-widget-heading\" data-id=\"2323847\" data-element_type=\"widget\" data-e-type=\"widget\" data-widget_type=\"heading.default\">\n\t\t\t\t<div class=\"elementor-widget-container\">\n\t\t\t\t\t<h1 class=\"elementor-heading-title elementor-size-default\">Terapias y fitness en Castelldefels con tu entrenador personal<\/h1>\t\t\t\t<\/div>\n\t\t\t\t<\/div>\n\t\t\t\t<\/div>\n\t\t\t\t\t<\/div>\n\t\t\t\t<\/div>\n\t\t<div class=\"elementor-element elementor-element-14fd6ba e-flex e-con-boxed e-con e-parent\" data-id=\"14fd6ba\" data-element_type=\"container\" data-e-type=\"container\" data-settings=\"{&quot;background_background&quot;:&quot;classic&quot;}\">\n\t\t\t\t\t<div class=\"e-con-inner\">\n\t\t<div class=\"elementor-element elementor-element-2e5f3f4 e-con-full e-flex e-con e-child\" data-id=\"2e5f3f4\" data-element_type=\"container\" data-e-type=\"container\">\n\t\t\t\t<div class=\"elementor-element elementor-element-417e7e2 elementor-widget elementor-widget-heading\" data-id=\"417e7e2\" data-element_type=\"widget\" data-e-type=\"widget\" data-widget_type=\"heading.default\">\n\t\t\t\t<div class=\"elementor-widget-container\">\n\t\t\t\t\t<h2 class=\"elementor-heading-title elementor-size-default\">Pure Corpore es un centro de salud integral especializado en entrenamientos personales y terapias de bienestar, dise\u00f1ados para fortalecer y revitalizar tu cuerpo y mente.<\/h2>\t\t\t\t<\/div>\n\t\t\t\t<\/div>\n\t\t\t\t<div class=\"elementor-element elementor-element-a53bd8a elementor-widget elementor-widget-text-editor\" data-id=\"a53bd8a\" data-element_type=\"widget\" data-e-type=\"widget\" data-widget_type=\"text-editor.default\">\n\t\t\t\t<div class=\"elementor-widget-container\">\n\t\t\t\t\t\t\t\t\t<p>Nuestro centro est\u00e1 situado a primera l\u00ednea de mar, en la playa de Castelldefels, a pocos kil\u00f3metros de Barcelona.<\/p><p>Nace de la inquietud de acercar personas de cualquier condici\u00f3n a la actividad f\u00edsica y mejorar sus h\u00e1bitos de vida (alimentaci\u00f3n, estr\u00e9s, esquema corporal, etc). De este modo creamos el primer centro en Castelldefels que ofrece la posibilidad de recibir tanto clases de entrenamiento funcional como de terapias est\u00e9ticas y m\u00e9dicas, dentro de unas mismas instalaciones, utilizando la completa libertad de movimiento con el fin de mejorar nuestro estado de forma y calidad de vida.<\/p>\t\t\t\t\t\t\t\t<\/div>\n\t\t\t\t<\/div>\n\t\t\t\t<\/div>\n\t\t\t\t\t<\/div>\n\t\t\t\t<\/div>\n\t\t<div class=\"elementor-element elementor-element-cfbd2d5 e-flex e-con-boxed e-con e-parent\" data-id=\"cfbd2d5\" data-element_type=\"container\" data-e-type=\"container\" data-settings=\"{&quot;background_background&quot;:&quot;slideshow&quot;,&quot;background_slideshow_gallery&quot;:[{&quot;id&quot;:1226,&quot;url&quot;:&quot;https:\\\/\\\/purecorpore.com\\\/wp-content\\\/uploads\\\/2024\\\/06\\\/IMG_0261_R.jpg&quot;},{&quot;id&quot;:1228,&quot;url&quot;:&quot;https:\\\/\\\/purecorpore.com\\\/wp-content\\\/uploads\\\/2024\\\/06\\\/2021-09-14.jpg&quot;},{&quot;id&quot;:1086,&quot;url&quot;:&quot;https:\\\/\\\/purecorpore.com\\\/wp-content\\\/uploads\\\/2024\\\/06\\\/Corpore-Studio-Centro-scaled.jpg&quot;},{&quot;id&quot;:1085,&quot;url&quot;:&quot;https:\\\/\\\/purecorpore.com\\\/wp-content\\\/uploads\\\/2024\\\/06\\\/club-nautico.jpg&quot;},{&quot;id&quot;:1087,&quot;url&quot;:&quot;https:\\\/\\\/purecorpore.com\\\/wp-content\\\/uploads\\\/2024\\\/06\\\/Corpore-studio-scaled.jpg&quot;},{&quot;id&quot;:1227,&quot;url&quot;:&quot;https:\\\/\\\/purecorpore.com\\\/wp-content\\\/uploads\\\/2024\\\/06\\\/2021-09-14-1.jpg&quot;}],&quot;background_slideshow_loop&quot;:&quot;yes&quot;,&quot;background_slideshow_slide_duration&quot;:5000,&quot;background_slideshow_slide_transition&quot;:&quot;fade&quot;,&quot;background_slideshow_transition_duration&quot;:500}\">\n\t\t\t\t\t<div class=\"e-con-inner\">\n\t\t\t\t\t<\/div>\n\t\t\t\t<\/div>\n\t\t\t\t<section class=\"elementor-section elementor-top-section elementor-element elementor-element-1yf9lcs elementor-section-full_width elementor-section-content-middle elementor-reverse-mobile elementor-section-height-default elementor-section-height-default\" data-id=\"1yf9lcs\" data-element_type=\"section\" data-e-type=\"section\" data-settings=\"{&quot;background_background&quot;:&quot;classic&quot;}\">\n\t\t\t\t\t\t<div class=\"elementor-container elementor-column-gap-no\">\n\t\t\t\t\t<div class=\"elementor-column elementor-col-50 elementor-top-column elementor-element elementor-element-79db928\" data-id=\"79db928\" data-element_type=\"column\" data-e-type=\"column\" data-settings=\"{&quot;background_background&quot;:&quot;classic&quot;}\">\n\t\t\t<div class=\"elementor-widget-wrap elementor-element-populated\">\n\t\t\t\t\t\t<section class=\"elementor-section elementor-inner-section elementor-element elementor-element-c8c67ab elementor-section-boxed elementor-section-height-default elementor-section-height-default\" data-id=\"c8c67ab\" data-element_type=\"section\" data-e-type=\"section\">\n\t\t\t\t\t\t<div class=\"elementor-container elementor-column-gap-no\">\n\t\t\t\t\t<div class=\"elementor-column elementor-col-100 elementor-inner-column elementor-element elementor-element-7c813f9\" data-id=\"7c813f9\" data-element_type=\"column\" data-e-type=\"column\">\n\t\t\t<div class=\"elementor-widget-wrap elementor-element-populated\">\n\t\t\t\t\t\t<div class=\"elementor-element elementor-element-88f42fc elementor-widget elementor-widget-heading\" data-id=\"88f42fc\" data-element_type=\"widget\" data-e-type=\"widget\" data-widget_type=\"heading.default\">\n\t\t\t\t<div class=\"elementor-widget-container\">\n\t\t\t\t\t<h3 class=\"elementor-heading-title elementor-size-default\">Predecesores<\/h3>\t\t\t\t<\/div>\n\t\t\t\t<\/div>\n\t\t\t\t<div class=\"elementor-element elementor-element-e078e38 elementor-widget-divider--view-line elementor-widget elementor-widget-divider\" data-id=\"e078e38\" data-element_type=\"widget\" data-e-type=\"widget\" data-widget_type=\"divider.default\">\n\t\t\t\t<div class=\"elementor-widget-container\">\n\t\t\t\t\t\t\t<div class=\"elementor-divider\">\n\t\t\t<span class=\"elementor-divider-separator\">\n\t\t\t\t\t\t<\/span>\n\t\t<\/div>\n\t\t\t\t\t\t<\/div>\n\t\t\t\t<\/div>\n\t\t\t\t<div class=\"elementor-element elementor-element-1da0ca7 elementor-widget elementor-widget-text-editor\" data-id=\"1da0ca7\" data-element_type=\"widget\" data-e-type=\"widget\" data-widget_type=\"text-editor.default\">\n\t\t\t\t<div class=\"elementor-widget-container\">\n\t\t\t\t\t\t\t\t\t<p>David Moreno y Edgar Barrionuevo, dos profesionales del \u00e1mbito de la salud, autores de varios libros del \u00e1mbito de la Nutrici\u00f3n y la Salud; fueron los fundadores de PURE CORPORE. Su objetivo, crear un centro donde realizar Programas de Salud integrativa a trav\u00e9s de las dietas depurativas, el ejercicio f\u00edsico y los tratamientos terap\u00e9uticos con el objetivo de ayudar a depurar el organismo de toxinas nocivas que se van acumulando a lo largo de los a\u00f1os.<\/p><p>Sus libros: \u00abLos Beneficios del Ayuno\u00bb; \u00abRecetas L\u00edquidas Saludables\u00bb; \u00abAlimentaci\u00f3n para Deportistas\u00bb (disponible en Pure Corpore) y \u00abCuida tus Hormonas\u00bb.<\/p>\t\t\t\t\t\t\t\t<\/div>\n\t\t\t\t<\/div>\n\t\t\t\t<div class=\"elementor-element elementor-element-6a03a65 elementor-widget elementor-widget-toggle\" data-id=\"6a03a65\" data-element_type=\"widget\" data-e-type=\"widget\" data-widget_type=\"toggle.default\">\n\t\t\t\t<div class=\"elementor-widget-container\">\n\t\t\t\t\t\t\t<div class=\"elementor-toggle\">\n\t\t\t\t\t\t\t<div class=\"elementor-toggle-item\">\n\t\t\t\t\t<div id=\"elementor-tab-title-1111\" class=\"elementor-tab-title\" data-tab=\"1\" role=\"button\" aria-controls=\"elementor-tab-content-1111\" aria-expanded=\"false\">\n\t\t\t\t\t\t\t\t\t\t\t\t<span class=\"elementor-toggle-icon elementor-toggle-icon-left\" aria-hidden=\"true\">\n\t\t\t\t\t\t\t\t\t\t\t\t\t\t\t<span class=\"elementor-toggle-icon-closed\"><svg class=\"e-font-icon-svg e-fas-caret-right\" viewBox=\"0 0 192 512\" xmlns=\"http:\/\/www.w3.org\/2000\/svg\"><path d=\"M0 384.662V127.338c0-17.818 21.543-26.741 34.142-14.142l128.662 128.662c7.81 7.81 7.81 20.474 0 28.284L34.142 398.804C21.543 411.404 0 402.48 0 384.662z\"><\/path><\/svg><\/span>\n\t\t\t\t\t\t\t\t<span class=\"elementor-toggle-icon-opened\"><svg class=\"elementor-toggle-icon-opened e-font-icon-svg e-fas-caret-up\" viewBox=\"0 0 320 512\" xmlns=\"http:\/\/www.w3.org\/2000\/svg\"><path d=\"M288.662 352H31.338c-17.818 0-26.741-21.543-14.142-34.142l128.662-128.662c7.81-7.81 20.474-7.81 28.284 0l128.662 128.662c12.6 12.599 3.676 34.142-14.142 34.142z\"><\/path><\/svg><\/span>\n\t\t\t\t\t\t\t\t\t\t\t\t\t<\/span>\n\t\t\t\t\t\t\t\t\t\t\t\t<a class=\"elementor-toggle-title\" tabindex=\"0\">David Moreno<\/a>\n\t\t\t\t\t<\/div>\n\n\t\t\t\t\t<div id=\"elementor-tab-content-1111\" class=\"elementor-tab-content elementor-clearfix\" data-tab=\"1\" role=\"region\" aria-labelledby=\"elementor-tab-title-1111\"><ul><li>Licenciado en Ciencias de la Actividad F\u00edsica y del Deporte por la Universidad Ramon Llull.<\/li><li>Graduado en osteopat\u00eda cl\u00e1sica por la John Wernham college.<\/li><li>Postgrado en Psiconeuroinmunoendocrinologia (PNIE). Universidad de Barcelona (cursando)<\/li><li>M\u00e1ster en Alto Rendimiento (Fundaci\u00f3n F. C. Barcelona e INEFC).<\/li><li>Oste\u00f3pata (Escuelas de Osteopat\u00eda de Barcelona y Europea).<\/li><li>T\u00e9cnico en Pilates, readaptador deportivo.<\/li><li>Postgraduado en Psicoterapia Breve<\/li><\/ul><\/div>\n\t\t\t\t<\/div>\n\t\t\t\t\t\t\t<div class=\"elementor-toggle-item\">\n\t\t\t\t\t<div id=\"elementor-tab-title-1112\" class=\"elementor-tab-title\" data-tab=\"2\" role=\"button\" aria-controls=\"elementor-tab-content-1112\" aria-expanded=\"false\">\n\t\t\t\t\t\t\t\t\t\t\t\t<span class=\"elementor-toggle-icon elementor-toggle-icon-left\" aria-hidden=\"true\">\n\t\t\t\t\t\t\t\t\t\t\t\t\t\t\t<span class=\"elementor-toggle-icon-closed\"><svg class=\"e-font-icon-svg e-fas-caret-right\" viewBox=\"0 0 192 512\" xmlns=\"http:\/\/www.w3.org\/2000\/svg\"><path d=\"M0 384.662V127.338c0-17.818 21.543-26.741 34.142-14.142l128.662 128.662c7.81 7.81 7.81 20.474 0 28.284L34.142 398.804C21.543 411.404 0 402.48 0 384.662z\"><\/path><\/svg><\/span>\n\t\t\t\t\t\t\t\t<span class=\"elementor-toggle-icon-opened\"><svg class=\"elementor-toggle-icon-opened e-font-icon-svg e-fas-caret-up\" viewBox=\"0 0 320 512\" xmlns=\"http:\/\/www.w3.org\/2000\/svg\"><path d=\"M288.662 352H31.338c-17.818 0-26.741-21.543-14.142-34.142l128.662-128.662c7.81-7.81 20.474-7.81 28.284 0l128.662 128.662c12.6 12.599 3.676 34.142-14.142 34.142z\"><\/path><\/svg><\/span>\n\t\t\t\t\t\t\t\t\t\t\t\t\t<\/span>\n\t\t\t\t\t\t\t\t\t\t\t\t<a class=\"elementor-toggle-title\" tabindex=\"0\">Edgar Barrionuevo<\/a>\n\t\t\t\t\t<\/div>\n\n\t\t\t\t\t<div id=\"elementor-tab-content-1112\" class=\"elementor-tab-content elementor-clearfix\" data-tab=\"2\" role=\"region\" aria-labelledby=\"elementor-tab-title-1112\"><ul><li>Licenciado en Ciencias de la Actividad f\u00edsica y el Deporte<\/li><li>Grado de Nutrici\u00f3n Humana y Diet\u00e9tica. Universidad de Vic (cursando)<\/li><li>Postgrado en Psiconeuroinmunoendocrinologia (PNIE). Universidad de Barcelona.<\/li><li>Postgraduado en Nutrici\u00f3n cl\u00ednica y ciencia avanzada de los alimentos. Universidad de<br \/>Barcelona.<\/li><li>Postgraduado en Nutrici\u00f3n b\u00e1sica y comunitaria. Universidad de Barcelona.<\/li><li>M\u00e1ster en Desarrollo Personal y Liderazgo.Universidad de Barcelona.<\/li><li>M\u00e1ster fitness specialist &amp; Health Promotion. Cooper Institute (Dallas, EEUU).<\/li><li>Diet\u00e9tica Natural y Oriental por el Instituto Roger de Ll\u00faria. Dra. Olga Cuevas.<\/li><li>Naturopat\u00eda por el Instituto Roger de Ll\u00faria.<\/li><li>Certificados en Medicina Gen\u00f3mica por el Instituto Eugenomic. Dr. Juan Sabater.<\/li><\/ul><\/div>\n\t\t\t\t<\/div>\n\t\t\t\t\t\t\t\t<\/div>\n\t\t\t\t\t\t<\/div>\n\t\t\t\t<\/div>\n\t\t\t\t\t<\/div>\n\t\t<\/div>\n\t\t\t\t\t<\/div>\n\t\t<\/section>\n\t\t\t\t\t<\/div>\n\t\t<\/div>\n\t\t\t\t<div class=\"elementor-column elementor-col-50 elementor-top-column elementor-element elementor-element-3e66579\" data-id=\"3e66579\" data-element_type=\"column\" data-e-type=\"column\">\n\t\t\t<div class=\"elementor-widget-wrap elementor-element-populated\">\n\t\t\t\t\t\t<div class=\"elementor-element elementor-element-96d0ebe elementor-widget elementor-widget-image\" data-id=\"96d0ebe\" data-element_type=\"widget\" data-e-type=\"widget\" data-widget_type=\"image.default\">\n\t\t\t\t<div class=\"elementor-widget-container\">\n\t\t\t\t\t\t\t\t\t\t\t\t\t\t\t<img fetchpriority=\"high\" decoding=\"async\" width=\"1024\" height=\"871\" src=\"https:\/\/purecorpore.com\/wp-content\/uploads\/2024\/06\/nosotros-1024x871.jpeg\" class=\"attachment-large size-large wp-image-1032\" alt=\"\" srcset=\"https:\/\/purecorpore.com\/wp-content\/uploads\/2024\/06\/nosotros-1024x871.jpeg 1024w, https:\/\/purecorpore.com\/wp-content\/uploads\/2024\/06\/nosotros-300x255.jpeg 300w, https:\/\/purecorpore.com\/wp-content\/uploads\/2024\/06\/nosotros-768x653.jpeg 768w, https:\/\/purecorpore.com\/wp-content\/uploads\/2024\/06\/nosotros-14x12.jpeg 14w, https:\/\/purecorpore.com\/wp-content\/uploads\/2024\/06\/nosotros-600x510.jpeg 600w, https:\/\/purecorpore.com\/wp-content\/uploads\/2024\/06\/nosotros.jpeg 1536w\" sizes=\"(max-width: 1024px) 100vw, 1024px\" title=\"\">\t\t\t\t\t\t\t\t\t\t\t\t\t\t\t<\/div>\n\t\t\t\t<\/div>\n\t\t\t\t\t<\/div>\n\t\t<\/div>\n\t\t\t\t\t<\/div>\n\t\t<\/section>\n\t\t<div class=\"elementor-element elementor-element-77af556 e-flex e-con-boxed e-con e-parent\" data-id=\"77af556\" data-element_type=\"container\" data-e-type=\"container\" data-settings=\"{&quot;background_background&quot;:&quot;classic&quot;}\">\n\t\t\t\t\t<div class=\"e-con-inner\">\n\t\t<div class=\"elementor-element elementor-element-1af4008 e-con-full e-flex e-con e-child\" data-id=\"1af4008\" data-element_type=\"container\" data-e-type=\"container\">\n\t\t\t\t<div class=\"elementor-element elementor-element-8d76f5c elementor-widget elementor-widget-heading\" data-id=\"8d76f5c\" data-element_type=\"widget\" data-e-type=\"widget\" data-widget_type=\"heading.default\">\n\t\t\t\t<div class=\"elementor-widget-container\">\n\t\t\t\t\t<h2 class=\"elementor-heading-title elementor-size-default\">Pure Corpore hoy\n<\/h2>\t\t\t\t<\/div>\n\t\t\t\t<\/div>\n\t\t\t\t<div class=\"elementor-element elementor-element-618753e elementor-widget-divider--view-line elementor-widget elementor-widget-divider\" data-id=\"618753e\" data-element_type=\"widget\" data-e-type=\"widget\" data-widget_type=\"divider.default\">\n\t\t\t\t<div class=\"elementor-widget-container\">\n\t\t\t\t\t\t\t<div class=\"elementor-divider\">\n\t\t\t<span class=\"elementor-divider-separator\">\n\t\t\t\t\t\t<\/span>\n\t\t<\/div>\n\t\t\t\t\t\t<\/div>\n\t\t\t\t<\/div>\n\t\t\t\t<div class=\"elementor-element elementor-element-6786491 elementor-widget elementor-widget-text-editor\" data-id=\"6786491\" data-element_type=\"widget\" data-e-type=\"widget\" data-widget_type=\"text-editor.default\">\n\t\t\t\t<div class=\"elementor-widget-container\">\n\t\t\t\t\t\t\t\t\t<p>Con un\u00a0equipo\u00a0multidisciplinar, nuestros profesionales cuentan con diversas formaciones profesionales en diversas especialidades, como la osteopat\u00eda, fisioterapia, quiromasaje, nutrici\u00f3n,\u00a0<span class=\"hiddenSpellError\">neurorehabilitaci\u00f3n<\/span>&#8230;<\/p>\t\t\t\t\t\t\t\t<\/div>\n\t\t\t\t<\/div>\n\t\t\t\t<\/div>\n\t\t<div class=\"elementor-element elementor-element-c2b8e62 e-con-full e-flex e-con e-child\" data-id=\"c2b8e62\" data-element_type=\"container\" data-e-type=\"container\">\n\t\t\t\t<\/div>\n\t\t\t\t\t<\/div>\n\t\t\t\t<\/div>\n\t\t<div class=\"elementor-element elementor-element-f125e13 e-flex e-con-boxed e-con e-parent\" data-id=\"f125e13\" data-element_type=\"container\" data-e-type=\"container\">\n\t\t\t\t\t<div class=\"e-con-inner\">\n\t\t<div class=\"elementor-element elementor-element-7d0bb0e e-con-full e-flex e-con e-child\" data-id=\"7d0bb0e\" data-element_type=\"container\" data-e-type=\"container\">\n\t\t\t\t<\/div>\n\t\t<div class=\"elementor-element elementor-element-c1fec4b e-con-full e-flex e-con e-child\" data-id=\"c1fec4b\" data-element_type=\"container\" data-e-type=\"container\">\n\t\t\t\t<\/div>\n\t\t<div class=\"elementor-element elementor-element-7b93005 e-con-full e-flex e-con e-child\" data-id=\"7b93005\" data-element_type=\"container\" data-e-type=\"container\">\n\t\t\t\t<div class=\"elementor-element elementor-element-ed84333 elementor-widget elementor-widget-image\" data-id=\"ed84333\" data-element_type=\"widget\" data-e-type=\"widget\" data-widget_type=\"image.default\">\n\t\t\t\t<div class=\"elementor-widget-container\">\n\t\t\t\t\t\t\t\t\t\t\t\t\t\t\t<img decoding=\"async\" width=\"150\" height=\"150\" src=\"https:\/\/purecorpore.com\/wp-content\/uploads\/2024\/11\/20240102_152651-150x150.jpg\" class=\"attachment-thumbnail size-thumbnail wp-image-1813\" alt=\"\" title=\"\">\t\t\t\t\t\t\t\t\t\t\t\t\t\t\t<\/div>\n\t\t\t\t<\/div>\n\t\t\t\t<\/div>\n\t\t<div class=\"elementor-element elementor-element-ad7da5a e-con-full e-flex e-con e-child\" data-id=\"ad7da5a\" data-element_type=\"container\" data-e-type=\"container\">\n\t\t\t\t<div class=\"elementor-element elementor-element-bb60a81 elementor-widget elementor-widget-text-editor\" data-id=\"bb60a81\" data-element_type=\"widget\" data-e-type=\"widget\" data-widget_type=\"text-editor.default\">\n\t\t\t\t<div class=\"elementor-widget-container\">\n\t\t\t\t\t\t\t\t\t<p>Actualmente,\u00a0en\u00a0<span class=\"hiddenSpellError\">Pure<\/span>\u00a0<span class=\"hiddenSpellError\">Corpore<\/span>\u00a0encontrar\u00e1s\u00a0varios equipos de profesionales en\u00a0<span class=\"hiddenSpellError\">coworking<\/span>, con la presencia del nuevo equipo propio de\u00a0<span class=\"hiddenSpellError\">Pure<\/span>\u00a0<span class=\"hiddenSpellError\">Corpore<\/span>\u00a0(donde David contin\u00faa ejerciendo como entrenador y\u00a0oste\u00f3pata, con un amplio equipo de entrenadores y terapeutas),\u00a0<span class=\"hiddenSpellError\">Ayunizate<\/span>\u00a0(donde Edgar Barrionuevo y su equipo siguen trabajando en terapias de salud nutricional,\u00a0<span class=\"hiddenSpellError\">PNIE<\/span>, ayunos y otros programas online), adem\u00e1s de otros compa\u00f1eros entrenadores y campos variados como la psicoterapia, la est\u00e9tica, nutrici\u00f3n, hol\u00edstica, activaci\u00f3n <span class=\"hiddenSpellError\">kundalini<\/span>, etc.<\/p>\t\t\t\t\t\t\t\t<\/div>\n\t\t\t\t<\/div>\n\t\t\t\t<\/div>\n\t\t\t\t<div class=\"elementor-element elementor-element-4011aa2 elementor-widget elementor-widget-heading\" data-id=\"4011aa2\" data-element_type=\"widget\" data-e-type=\"widget\" data-widget_type=\"heading.default\">\n\t\t\t\t<div class=\"elementor-widget-container\">\n\t\t\t\t\t<h2 class=\"elementor-heading-title elementor-size-default\">A\u00f1ade aqu\u00ed tu texto de cabecera<\/h2>\t\t\t\t<\/div>\n\t\t\t\t<\/div>\n\t\t\t\t<div class=\"elementor-element elementor-element-962ec9e elementor-widget elementor-widget-heading\" data-id=\"962ec9e\" data-element_type=\"widget\" data-e-type=\"widget\" data-widget_type=\"heading.default\">\n\t\t\t\t<div class=\"elementor-widget-container\">\n\t\t\t\t\t<h2 class=\"elementor-heading-title elementor-size-default\">Formaci\u00f3n continua, colaboraci\u00f3n y trabajo en equipo.<\/h2>\t\t\t\t<\/div>\n\t\t\t\t<\/div>\n\t\t\t\t\t<\/div>\n\t\t\t\t<\/div>\n\t\t\t\t<\/div>\n\t\t","protected":false},"excerpt":{"rendered":"<p>Terapias y fitness en Castelldefels con tu entrenador personal Pure Corpore es un centro de salud integral especializado en entrenamientos [&hellip;]<\/p>\n","protected":false},"author":1,"featured_media":0,"parent":0,"menu_order":0,"comment_status":"closed","ping_status":"closed","template":"","meta":{"site-sidebar-layout":"no-sidebar","site-content-layout":"","ast-site-content-layout":"full-width-container","site-content-style":"default","site-sidebar-style":"default","ast-global-header-display":"","ast-banner-title-visibility":"","ast-main-header-display":"","ast-hfb-above-header-display":"","ast-hfb-below-header-display":"","ast-hfb-mobile-header-display":"","site-post-title":"","ast-breadcrumbs-content":"","ast-featured-img":"disabled","footer-sml-layout":"","theme-transparent-header-meta":"enabled","adv-header-id-meta":"","stick-header-meta":"","header-above-stick-meta":"","header-main-stick-meta":"","header-below-stick-meta":"","astra-migrate-meta-layouts":"default","ast-page-background-enabled":"default","ast-page-background-meta":{"desktop":{"background-color":"var(--ast-global-color-4)","background-image":"","background-repeat":"repeat","background-position":"center center","background-size":"auto","background-attachment":"scroll","background-type":"","background-media":"","overlay-type":"","overlay-color":"","overlay-opacity":"","overlay-gradient":""},"tablet":{"background-color":"","background-image":"","background-repeat":"repeat","background-position":"center center","background-size":"auto","background-attachment":"scroll","background-type":"","background-media":"","overlay-type":"","overlay-color":"","overlay-opacity":"","overlay-gradient":""},"mobile":{"background-color":"","background-image":"","background-repeat":"repeat","background-position":"center center","background-size":"auto","background-attachment":"scroll","background-type":"","background-media":"","overlay-type":"","overlay-color":"","overlay-opacity":"","overlay-gradient":""}},"ast-content-background-meta":{"desktop":{"background-color":"var(--ast-global-color-5)","background-image":"","background-repeat":"repeat","background-position":"center center","background-size":"auto","background-attachment":"scroll","background-type":"","background-media":"","overlay-type":"","overlay-color":"","overlay-opacity":"","overlay-gradient":""},"tablet":{"background-color":"var(--ast-global-color-5)","background-image":"","background-repeat":"repeat","background-position":"center center","background-size":"auto","background-attachment":"scroll","background-type":"","background-media":"","overlay-type":"","overlay-color":"","overlay-opacity":"","overlay-gradient":""},"mobile":{"background-color":"var(--ast-global-color-5)","background-image":"","background-repeat":"repeat","background-position":"center center","background-size":"auto","background-attachment":"scroll","background-type":"","background-media":"","overlay-type":"","overlay-color":"","overlay-opacity":"","overlay-gradient":""}},"footnotes":""},"class_list":["post-895","page","type-page","status-publish","hentry"],"_links":{"self":[{"href":"https:\/\/purecorpore.com\/ca\/wp-json\/wp\/v2\/pages\/895","targetHints":{"allow":["GET"]}}],"collection":[{"href":"https:\/\/purecorpore.com\/ca\/wp-json\/wp\/v2\/pages"}],"about":[{"href":"https:\/\/purecorpore.com\/ca\/wp-json\/wp\/v2\/types\/page"}],"author":[{"embeddable":true,"href":"https:\/\/purecorpore.com\/ca\/wp-json\/wp\/v2\/users\/1"}],"replies":[{"embeddable":true,"href":"https:\/\/purecorpore.com\/ca\/wp-json\/wp\/v2\/comments?post=895"}],"version-history":[{"count":14,"href":"https:\/\/purecorpore.com\/ca\/wp-json\/wp\/v2\/pages\/895\/revisions"}],"predecessor-version":[{"id":1930,"href":"https:\/\/purecorpore.com\/ca\/wp-json\/wp\/v2\/pages\/895\/revisions\/1930"}],"wp:attachment":[{"href":"https:\/\/purecorpore.com\/ca\/wp-json\/wp\/v2\/media?parent=895"}],"curies":[{"name":"wp","href":"https:\/\/api.w.org\/{rel}","templated":true}]}}